{"id":5496,"date":"2023-05-24T10:38:26","date_gmt":"2023-05-24T15:38:26","guid":{"rendered":"https:\/\/dikatravelperu.travel\/?post_type=product&#038;p=5496"},"modified":"2023-09-04T18:21:40","modified_gmt":"2023-09-04T23:21:40","slug":"marcelo-batata-full-immersion-cooking-class-o-clase-tradicional-de-cocina","status":"publish","type":"product","link":"https:\/\/vamosdevaca.com\/23\/producto\/marcelo-batata-full-immersion-cooking-class-o-clase-tradicional-de-cocina\/","title":{"rendered":"Marcelo Batata &#8211; Full Immersi\u00f3n Cooking Class O Clase Tradicional de Cocina"},"content":{"rendered":"<p><strong>MARCELO BATATA &#8211; FULL IMMERSION COOKING CLASS O CLASE TRADICIONAL DE COCINA <\/strong><\/p>\n<blockquote><p>Un viaje gastron\u00f3mico que lo llevar\u00e1 a trav\u00e9s de la costa, andes y selva peruana, mientras participa de la<br \/>\nmejor experiencia culinaria en la ciudad del Cusco. Disfruta de una clase personalizada y participativa en un ambiente divertido y din\u00e1mico donde no importa el conocimiento de cocina o experiencia previa.<\/p>\n<p><strong>Inicia: 02:00pm.<\/strong><br \/>\n<strong>Termina 6:00pm.<\/strong><\/p>\n<p><strong>Los Pasos y Men\u00fa<\/strong><br \/>\nEn tan solo 04 horas y en 06 pasos aprender\u00e1s sobre la historia de la gastronom\u00eda del Per\u00fa, los conceptos de cocina, as\u00ed como probar\u00e1s frutas tropicales y s\u00faper productos andinos, degustar\u00e1s de nuestra riqu\u00edsima chicha de jora y chicha morada seguido por una cata de Pisco, podr\u00e1s preparar un Pisco Sour o Chilcano de Pisco para finalmente cocinar los dos platos m\u00e1s emblem\u00e1ticos del Peru: Ceviche y Lomo Saltado de Alpaca.<br \/>\nAdem\u00e1s, los Chefs de nuestro restaurante te engreir\u00e1n con la degustaci\u00f3n de abre bocas de cocina Novo<br \/>\nandinos, criolla, contempor\u00e1nea, etc. Adem\u00e1s de bocaditos andinos como jam\u00f3n de cuy, prosciutto de<br \/>\nalpaca y guiso de charqui.<\/p>\n<p><strong>Paso 1: El Inicio (30 minutos)<\/strong><br \/>\nNuestro Chef instructor brindar\u00e1 una introducci\u00f3n sobre la cultura culinaria peruana compartiendo sus<br \/>\nconocimientos de la historia, biodiversidad y geograf\u00eda, as\u00ed tambi\u00e9n se abordar\u00e1n los diferentes conceptos y<br \/>\nteor\u00edas gastron\u00f3micas que la sustentan.<br \/>\n<strong>Paso 2: Las Ex\u00f3ticas (20 minutos)<\/strong><br \/>\nPor su ubicaci\u00f3n tropical el Per\u00fa es hogar de distintas frutas ex\u00f3ticas y aqu\u00ed tendr\u00e1s la oportunidad de<br \/>\ndisfrutar de sabores dulces, \u00e1cidos y agridulces de las mejores frutas de estaci\u00f3n.<br \/>\n<strong>Paso 3: Colores, aromas y texturas (30 minutos)<\/strong><br \/>\nNuestro Centro Interpretativo \u201cEl Mercado\u201d muestra todos los productos del mercado local de San Pedro, as\u00ed como productos de otras regiones, en una propuesta mucho m\u00e1s ordenada, limpia y segura. Este ser\u00e1 el punto de encuentro con las diferentes variedades de papas peruanas, los diversos tipos de aj\u00edes, ma\u00edces y quinuas entre otros muchos otros productos. Aqu\u00ed tambi\u00e9n degustaremos la emblem\u00e1tica chicha de jora.<br \/>\n<strong>Paso 4: Un mar de sabores (30 minutos)<\/strong><br \/>\nNuestro primer plato a preparar ser\u00e1 el delicado ceviche peruano usando pescado fresco de nuestras costas con una mezcla de ingredientes que lo hacen \u00fanico e inolvidable. Nuestro ceviche ser\u00e1 acompa\u00f1ado de la famosa chicha morada.<br \/>\n<strong>Paso 5: Pisco O`Clock (45 minutos)<\/strong><br \/>\nDurante este tiempo podremos disfrutar del licor bandera del Per\u00fa, comprendiendo y enamor\u00e1ndonos de su historia. Para finalizar con la preparaci\u00f3n de Pisco Sour y Chilcano de Pisco.<br \/>\n<strong>Paso 6: WOK-ing Time (15 minutos)<\/strong><br \/>\nLuego de la demostraci\u00f3n e instrucciones de nuestro Chef todos los participantes prepararan su propio lomo saltado con las t\u00e9cnicas de salteado en Wok.<\/p>\n<p><strong>FIN DE LOS SERVICIOS<\/strong><\/p><\/blockquote>\n\n    <div class=\"xs_social_share_widget xs_share_url after_content \t\tmain_content  wslu-style-2 wslu-share-box-shaped wslu-fill-colored wslu-share-m-5 wslu-none wslu-share-horizontal wslu-theme-font-no wslu-main_content\">\n\n\t\t\n        <ul>\n\t\t\t                    <li class=\"xs-share-li facebook                        wslu-no-extra-data\">\n                        <a href=\"javascript:void();\"\n                           id=\"xs_feed_facebook\"\n                           onclick=\"xs_social_sharer(this);\"\n                           data-pid=\"5496\"\n                           data-uri_hash=\"882f86130c702db51637325b423e9a46\"\n                           data-key=\"facebook\"\n                           data-xs-href=\"http:\/\/www.facebook.com\/sharer.php?u=https%3A%2F%2Fvamosdevaca.com%2F23%2Fwp-json%2Fwp%2Fv2%2Fproduct%2F5496&amp;t=Marcelo+Batata+%26%238211%3B+Full+Immersi%C3%B3n+Cooking+Class+O+Clase+Tradicional+de+Cocina&amp;v=3\">\n\n                            <div class=\"xs-social-icon\">\n                                <span class=\"met-social met-social-facebook\"><\/span>\n                            <\/div>\n\n\t\t\t\t\t\t\t\n                            <div class=\"wslu-hover-content\">\n                                <div class=\"xs-social-followers\">\n\t\t\t\t\t\t\t\t\t0                                <\/div>\n                                <div class=\"xs-social-follower-text\">\n\t\t\t\t\t\t\t\t\t                                <\/div>\n                                <div class=\"xs-social-follower-label\">\n\t\t\t\t\t\t\t\t\tFacebook                                <\/div>\n                            <\/div>\n                        <\/a>\n                    <\/li>\n\t\t\t\t\t                    <li class=\"xs-share-li twitter                        wslu-no-extra-data\">\n                        <a href=\"javascript:void();\"\n                           id=\"xs_feed_twitter\"\n                           onclick=\"xs_social_sharer(this);\"\n                           data-pid=\"5496\"\n                           data-uri_hash=\"882f86130c702db51637325b423e9a46\"\n                           data-key=\"twitter\"\n                           data-xs-href=\"https:\/\/twitter.com\/intent\/tweet?text=Marcelo+Batata+%26%238211%3B+Full+Immersi%C3%B3n+Cooking+Class+O+Clase+Tradicional+de+Cocina+https%3A%2F%2Fvamosdevaca.com%2F23%2Fwp-json%2Fwp%2Fv2%2Fproduct%2F5496&amp;original_referer=https%3A%2F%2Fvamosdevaca.com%2F23%2Fwp-json%2Fwp%2Fv2%2Fproduct%2F5496&amp;related=xpeedstudio\">\n\n                            <div class=\"xs-social-icon\">\n                                <span class=\"met-social met-social-twitter\"><\/span>\n                            <\/div>\n\n\t\t\t\t\t\t\t\n                            <div class=\"wslu-hover-content\">\n                                <div class=\"xs-social-followers\">\n\t\t\t\t\t\t\t\t\t0                                <\/div>\n                                <div class=\"xs-social-follower-text\">\n\t\t\t\t\t\t\t\t\t                                <\/div>\n                                <div class=\"xs-social-follower-label\">\n\t\t\t\t\t\t\t\t\tTwitter                                <\/div>\n                            <\/div>\n                        <\/a>\n                    <\/li>\n\t\t\t\t\t                    <li class=\"xs-share-li facebook-messenger                        wslu-no-extra-data\">\n                        <a href=\"javascript:void();\"\n                           id=\"xs_feed_facebook-messenger\"\n                           onclick=\"xs_social_sharer(this);\"\n                           data-pid=\"5496\"\n                           data-uri_hash=\"882f86130c702db51637325b423e9a46\"\n                           data-key=\"facebook-messenger\"\n                           data-xs-href=\"https:\/\/www.facebook.com\/dialog\/send?link=https%3A%2F%2Fvamosdevaca.com%2F23%2Fwp-json%2Fwp%2Fv2%2Fproduct%2F5496&amp;redirect_uri=https%3A%2F%2Fvamosdevaca.com%2F23%2Fwp-json%2Fwp%2Fv2%2Fproduct%2F5496&amp;display=popup&amp;app_id=2577123062406162\">\n\n                            <div class=\"xs-social-icon\">\n                                <span class=\"met-social met-social-facebook-messenger\"><\/span>\n                            <\/div>\n\n\t\t\t\t\t\t\t\n                            <div class=\"wslu-hover-content\">\n                                <div class=\"xs-social-followers\">\n\t\t\t\t\t\t\t\t\t0                                <\/div>\n                                <div class=\"xs-social-follower-text\">\n\t\t\t\t\t\t\t\t\t                                <\/div>\n                                <div class=\"xs-social-follower-label\">\n\t\t\t\t\t\t\t\t\tFacebook-messenger                                <\/div>\n                            <\/div>\n                        <\/a>\n                    <\/li>\n\t\t\t\t\t                    <li class=\"xs-share-li whatsapp                        wslu-no-extra-data\">\n                        <a href=\"javascript:void();\"\n                           id=\"xs_feed_whatsapp\"\n                           onclick=\"xs_social_sharer(this);\"\n                           data-pid=\"5496\"\n                           data-uri_hash=\"882f86130c702db51637325b423e9a46\"\n                           data-key=\"whatsapp\"\n                           data-xs-href=\"whatsapp:\/\/send?text=Marcelo+Batata+%26%238211%3B+Full+Immersi%C3%B3n+Cooking+Class+O+Clase+Tradicional+de+Cocina+https%3A%2F%2Fvamosdevaca.com%2F23%2Fwp-json%2Fwp%2Fv2%2Fproduct%2F5496\">\n\n                            <div class=\"xs-social-icon\">\n                                <span class=\"met-social met-social-whatsapp\"><\/span>\n                            <\/div>\n\n\t\t\t\t\t\t\t\n                            <div class=\"wslu-hover-content\">\n                                <div class=\"xs-social-followers\">\n\t\t\t\t\t\t\t\t\t0                                <\/div>\n                                <div class=\"xs-social-follower-text\">\n\t\t\t\t\t\t\t\t\t                                <\/div>\n                                <div class=\"xs-social-follower-label\">\n\t\t\t\t\t\t\t\t\tWhatsapp                                <\/div>\n                            <\/div>\n                        <\/a>\n                    <\/li>\n\t\t\t\t\t                    <li class=\"xs-share-li telegram                        wslu-no-extra-data\">\n                        <a href=\"javascript:void();\"\n                           id=\"xs_feed_telegram\"\n                           onclick=\"xs_social_sharer(this);\"\n                           data-pid=\"5496\"\n                           data-uri_hash=\"882f86130c702db51637325b423e9a46\"\n                           data-key=\"telegram\"\n                           data-xs-href=\"https:\/\/telegram.me\/share\/url?url=https%3A%2F%2Fvamosdevaca.com%2F23%2Fwp-json%2Fwp%2Fv2%2Fproduct%2F5496&amp;text=Marcelo+Batata+%26%238211%3B+Full+Immersi%C3%B3n+Cooking+Class+O+Clase+Tradicional+de+Cocina\">\n\n                            <div class=\"xs-social-icon\">\n                                <span class=\"met-social met-social-telegram\"><\/span>\n                            <\/div>\n\n\t\t\t\t\t\t\t\n                            <div class=\"wslu-hover-content\">\n                                <div class=\"xs-social-followers\">\n\t\t\t\t\t\t\t\t\t0                                <\/div>\n                                <div class=\"xs-social-follower-text\">\n\t\t\t\t\t\t\t\t\t                                <\/div>\n                                <div class=\"xs-social-follower-label\">\n\t\t\t\t\t\t\t\t\tTelegram                                <\/div>\n                            <\/div>\n                        <\/a>\n                    <\/li>\n\t\t\t\t\t                    <li class=\"xs-share-li email                        wslu-no-extra-data\">\n                        <a href=\"javascript:void();\"\n                           id=\"xs_feed_email\"\n                           onclick=\"xs_social_sharer(this);\"\n                           data-pid=\"5496\"\n                           data-uri_hash=\"882f86130c702db51637325b423e9a46\"\n                           data-key=\"email\"\n                           data-xs-href=\"mailto:?body=Title%3A+Marcelo+Batata+%26%238211%3B+Full+Immersi%C3%B3n+Cooking+Class+O+Clase+Tradicional+de+Cocina+%5Cn%5Cn+URL%3A+https%3A%2F%2Fvamosdevaca.com%2F23%2Fwp-json%2Fwp%2Fv2%2Fproduct%2F5496&amp;subject=Marcelo+Batata+%26%238211%3B+Full+Immersi%C3%B3n+Cooking+Class+O+Clase+Tradicional+de+Cocina\">\n\n                            <div class=\"xs-social-icon\">\n                                <span class=\"met-social met-social-email\"><\/span>\n                            <\/div>\n\n\t\t\t\t\t\t\t\n                            <div class=\"wslu-hover-content\">\n                                <div class=\"xs-social-followers\">\n\t\t\t\t\t\t\t\t\t0                                <\/div>\n                                <div class=\"xs-social-follower-text\">\n\t\t\t\t\t\t\t\t\t                                <\/div>\n                                <div class=\"xs-social-follower-label\">\n\t\t\t\t\t\t\t\t\tEmail                                <\/div>\n                            <\/div>\n                        <\/a>\n                    <\/li>\n\t\t\t\t\t        <\/ul>\n    <\/div> \n","protected":false},"excerpt":{"rendered":"<p>Descarga el Itinerario Completo:<\/p>\n<p data-wp-editing=\"1\"><a href=\"https:\/\/dikatravelperu.travel\/wp-content\/uploads\/2023\/05\/MARCELO-BATATA-FULL-IMMERSION-COOKING-CLASS-O-CLASE-TRADICIONAL-DE-COCINA.docx\" target=\"_blank\" rel=\"noopener\"><img loading=\"lazy\" decoding=\"async\" class=\"alignleft wp-image-1504\" src=\"https:\/\/dikatravelperu.travel\/wp-content\/uploads\/2023\/01\/Word-300x225.png\" alt=\"\" width=\"42\" height=\"32\" srcset=\"https:\/\/vamosdevaca.com\/23\/wp-content\/uploads\/2023\/01\/Word-300x225.png 300w, https:\/\/vamosdevaca.com\/23\/wp-content\/uploads\/2023\/01\/Word-768x576.png 768w, https:\/\/vamosdevaca.com\/23\/wp-content\/uploads\/2023\/01\/Word-600x450.png 600w, https:\/\/vamosdevaca.com\/23\/wp-content\/uploads\/2023\/01\/Word.png 1000w\" sizes=\"auto, (max-width: 42px) 100vw, 42px\" \/><\/a><a href=\"https:\/\/dikatravelperu.travel\/wp-content\/uploads\/2023\/05\/MARCELO-BATATA-FULL-IMMERSION-COOKING-CLASS-O-CLASE-TRADICIONAL-DE-COCINA.pdf\" target=\"_blank\" rel=\"noopener\"><img loading=\"lazy\" decoding=\"async\" class=\"alignleft wp-image-1505\" src=\"https:\/\/dikatravelperu.travel\/wp-content\/uploads\/2023\/01\/3997635-300x300.png\" alt=\"\" width=\"32\" height=\"32\" srcset=\"https:\/\/vamosdevaca.com\/23\/wp-content\/uploads\/2023\/01\/3997635-300x300.png 300w, https:\/\/vamosdevaca.com\/23\/wp-content\/uploads\/2023\/01\/3997635-150x150.png 150w, https:\/\/vamosdevaca.com\/23\/wp-content\/uploads\/2023\/01\/3997635-100x100.png 100w, https:\/\/vamosdevaca.com\/23\/wp-content\/uploads\/2023\/01\/3997635.png 512w\" sizes=\"auto, (max-width: 32px) 100vw, 32px\" \/><\/a> <img loading=\"lazy\" decoding=\"async\" class=\" wp-image-1647 alignleft\" src=\"https:\/\/dikatravelperu.travel\/wp-content\/uploads\/2023\/01\/Imagen-300x300.png\" alt=\"\" width=\"35\" height=\"35\" srcset=\"https:\/\/vamosdevaca.com\/23\/wp-content\/uploads\/2023\/01\/Imagen-300x300.png 300w, https:\/\/vamosdevaca.com\/23\/wp-content\/uploads\/2023\/01\/Imagen-150x150.png 150w, https:\/\/vamosdevaca.com\/23\/wp-content\/uploads\/2023\/01\/Imagen-100x100.png 100w, https:\/\/vamosdevaca.com\/23\/wp-content\/uploads\/2023\/01\/Imagen.png 512w\" sizes=\"auto, (max-width: 35px) 100vw, 35px\" \/><\/p>\n<p><a href=\"https:\/\/wa.me\/51987540596\" target=\"_blank\" rel=\"noopener\"><img loading=\"lazy\" decoding=\"async\" class=\"alignleft wp-image-1681\" src=\"https:\/\/dikatravelperu.travel\/wp-content\/uploads\/2023\/01\/Whats-App-Logo-293x300.png\" alt=\"Whats App Logo\" width=\"36\" height=\"37\" srcset=\"https:\/\/vamosdevaca.com\/23\/wp-content\/uploads\/2023\/01\/Whats-App-Logo-293x300.png 293w, https:\/\/vamosdevaca.com\/23\/wp-content\/uploads\/2023\/01\/Whats-App-Logo-150x150.png 150w, https:\/\/vamosdevaca.com\/23\/wp-content\/uploads\/2023\/01\/Whats-App-Logo-768x786.png 768w, https:\/\/vamosdevaca.com\/23\/wp-content\/uploads\/2023\/01\/Whats-App-Logo-600x614.png 600w, https:\/\/vamosdevaca.com\/23\/wp-content\/uploads\/2023\/01\/Whats-App-Logo-300x300.png 300w, https:\/\/vamosdevaca.com\/23\/wp-content\/uploads\/2023\/01\/Whats-App-Logo-100x100.png 100w, https:\/\/vamosdevaca.com\/23\/wp-content\/uploads\/2023\/01\/Whats-App-Logo.png 1000w\" sizes=\"auto, (max-width: 36px) 100vw, 36px\" \/><\/a><\/p>\n<p>&nbsp;<\/p>\n<ul>\n<li>Precio por habitaci\u00f3n, expresado en d\u00f3lares americanos.<br \/>\nConfirmaci\u00f3n sujeta a disponibilidad hotelera.<\/li>\n<\/ul>\n","protected":false},"featured_media":5515,"template":"","meta":{"_joinchat":[]},"product_cat":[181,203,255,259,198],"product_tag":[],"class_list":{"0":"post-5496","1":"product","2":"type-product","3":"status-publish","4":"has-post-thumbnail","5":"hentry","6":"product_cat-actividades","7":"product_cat-cusco-sierra-actividades","8":"product_cat-experiencias","9":"product_cat-gastronomico","10":"product_cat-sierra-actividades","12":"entry","13":"has-media","14":"owp-thumbs-layout-horizontal","15":"owp-btn-very-big","16":"owp-tabs-layout-horizontal","17":"has-no-thumbnails"},"yoast_head":"<!-- This site is optimized with the Yoast SEO plugin v21.5 - https:\/\/yoast.com\/wordpress\/plugins\/seo\/ -->\n<title>Marcelo Batata - Full Immersi\u00f3n Cooking Class O Clase Tradicional de Cocina - Dika Travel Per\u00fa<\/title>\n<meta name=\"description\" content=\"Clase de cocina de inmersi\u00f3n, sum\u00e9rgete en el emocionante mundo de la cocina sous vide y descubre una forma revolucionaria de cocinar en Peru\" \/>\n<meta name=\"robots\" content=\"index, follow, max-snippet:-1, max-image-preview:large, max-video-preview:-1\" \/>\n<link rel=\"canonical\" href=\"https:\/\/vamosdevaca.com\/23\/producto\/marcelo-batata-full-immersion-cooking-class-o-clase-tradicional-de-cocina\/\" \/>\n<meta property=\"og:locale\" content=\"es_ES\" \/>\n<meta property=\"og:type\" content=\"article\" \/>\n<meta property=\"og:title\" content=\"Marcelo Batata - Full Immersi\u00f3n Cooking Class O Clase Tradicional de Cocina - Dika Travel Per\u00fa\" \/>\n<meta property=\"og:description\" content=\"Clase de cocina de inmersi\u00f3n, sum\u00e9rgete en el emocionante mundo de la cocina sous vide y descubre una forma revolucionaria de cocinar en Peru\" \/>\n<meta property=\"og:url\" content=\"https:\/\/vamosdevaca.com\/23\/producto\/marcelo-batata-full-immersion-cooking-class-o-clase-tradicional-de-cocina\/\" \/>\n<meta property=\"og:site_name\" content=\"Dika Travel Per\u00fa\" \/>\n<meta property=\"article:modified_time\" content=\"2023-09-04T23:21:40+00:00\" \/>\n<meta property=\"og:image\" content=\"https:\/\/vamosdevaca.com\/23\/wp-content\/uploads\/2023\/05\/tour-culinario.jpg\" \/>\n\t<meta property=\"og:image:width\" content=\"718\" \/>\n\t<meta property=\"og:image:height\" content=\"442\" \/>\n\t<meta property=\"og:image:type\" content=\"image\/jpeg\" \/>\n<meta name=\"twitter:card\" content=\"summary_large_image\" \/>\n<meta name=\"twitter:label1\" content=\"Tiempo de lectura\" \/>\n\t<meta name=\"twitter:data1\" content=\"1 minuto\" \/>\n<script type=\"application\/ld+json\" class=\"yoast-schema-graph\">{\"@context\":\"https:\/\/schema.org\",\"@graph\":[{\"@type\":\"WebPage\",\"@id\":\"https:\/\/vamosdevaca.com\/23\/producto\/marcelo-batata-full-immersion-cooking-class-o-clase-tradicional-de-cocina\/\",\"url\":\"https:\/\/vamosdevaca.com\/23\/producto\/marcelo-batata-full-immersion-cooking-class-o-clase-tradicional-de-cocina\/\",\"name\":\"Marcelo Batata - Full Immersi\u00f3n Cooking Class O Clase Tradicional de Cocina - Dika Travel Per\u00fa\",\"isPartOf\":{\"@id\":\"https:\/\/vamosdevaca.com\/23\/#website\"},\"datePublished\":\"2023-05-24T15:38:26+00:00\",\"dateModified\":\"2023-09-04T23:21:40+00:00\",\"description\":\"Clase de cocina de inmersi\u00f3n, sum\u00e9rgete en el emocionante mundo de la cocina sous vide y descubre una forma revolucionaria de cocinar en Peru\",\"breadcrumb\":{\"@id\":\"https:\/\/vamosdevaca.com\/23\/producto\/marcelo-batata-full-immersion-cooking-class-o-clase-tradicional-de-cocina\/#breadcrumb\"},\"inLanguage\":\"es\",\"potentialAction\":[{\"@type\":\"ReadAction\",\"target\":[\"https:\/\/vamosdevaca.com\/23\/producto\/marcelo-batata-full-immersion-cooking-class-o-clase-tradicional-de-cocina\/\"]}]},{\"@type\":\"BreadcrumbList\",\"@id\":\"https:\/\/vamosdevaca.com\/23\/producto\/marcelo-batata-full-immersion-cooking-class-o-clase-tradicional-de-cocina\/#breadcrumb\",\"itemListElement\":[{\"@type\":\"ListItem\",\"position\":1,\"name\":\"Portada\",\"item\":\"https:\/\/vamosdevaca.com\/23\/\"},{\"@type\":\"ListItem\",\"position\":2,\"name\":\"Tienda\",\"item\":\"https:\/\/vamosdevaca.com\/23\/tienda\/\"},{\"@type\":\"ListItem\",\"position\":3,\"name\":\"Marcelo Batata &#8211; Full Immersi\u00f3n Cooking Class O Clase Tradicional de Cocina\"}]},{\"@type\":\"WebSite\",\"@id\":\"https:\/\/vamosdevaca.com\/23\/#website\",\"url\":\"https:\/\/vamosdevaca.com\/23\/\",\"name\":\"Dika Travel Per\u00fa\",\"description\":\"Agencia Mayorista de Turismo Receptivo\",\"publisher\":{\"@id\":\"https:\/\/vamosdevaca.com\/23\/#organization\"},\"potentialAction\":[{\"@type\":\"SearchAction\",\"target\":{\"@type\":\"EntryPoint\",\"urlTemplate\":\"https:\/\/vamosdevaca.com\/23\/?s={search_term_string}\"},\"query-input\":\"required name=search_term_string\"}],\"inLanguage\":\"es\"},{\"@type\":\"Organization\",\"@id\":\"https:\/\/vamosdevaca.com\/23\/#organization\",\"name\":\"Dika Travel Per\u00fa\",\"url\":\"https:\/\/vamosdevaca.com\/23\/\",\"logo\":{\"@type\":\"ImageObject\",\"inLanguage\":\"es\",\"@id\":\"https:\/\/vamosdevaca.com\/23\/#\/schema\/logo\/image\/\",\"url\":\"https:\/\/dikatravelperu.travel\/wp-content\/uploads\/2023\/01\/cropped-Dika-Travel-peru-1.jpg\",\"contentUrl\":\"https:\/\/dikatravelperu.travel\/wp-content\/uploads\/2023\/01\/cropped-Dika-Travel-peru-1.jpg\",\"width\":512,\"height\":512,\"caption\":\"Dika Travel Per\u00fa\"},\"image\":{\"@id\":\"https:\/\/vamosdevaca.com\/23\/#\/schema\/logo\/image\/\"}}]}<\/script>\n<!-- \/ Yoast SEO plugin. -->","yoast_head_json":{"title":"Marcelo Batata - Full Immersi\u00f3n Cooking Class O Clase Tradicional de Cocina - Dika Travel Per\u00fa","description":"Clase de cocina de inmersi\u00f3n, sum\u00e9rgete en el emocionante mundo de la cocina sous vide y descubre una forma revolucionaria de cocinar en Peru","robots":{"index":"index","follow":"follow","max-snippet":"max-snippet:-1","max-image-preview":"max-image-preview:large","max-video-preview":"max-video-preview:-1"},"canonical":"https:\/\/vamosdevaca.com\/23\/producto\/marcelo-batata-full-immersion-cooking-class-o-clase-tradicional-de-cocina\/","og_locale":"es_ES","og_type":"article","og_title":"Marcelo Batata - Full Immersi\u00f3n Cooking Class O Clase Tradicional de Cocina - Dika Travel Per\u00fa","og_description":"Clase de cocina de inmersi\u00f3n, sum\u00e9rgete en el emocionante mundo de la cocina sous vide y descubre una forma revolucionaria de cocinar en Peru","og_url":"https:\/\/vamosdevaca.com\/23\/producto\/marcelo-batata-full-immersion-cooking-class-o-clase-tradicional-de-cocina\/","og_site_name":"Dika Travel Per\u00fa","article_modified_time":"2023-09-04T23:21:40+00:00","og_image":[{"width":"718","height":"442","url":"https:\/\/vamosdevaca.com\/23\/wp-content\/uploads\/2023\/05\/tour-culinario.jpg","type":"image\/jpeg"}],"twitter_card":"summary_large_image","twitter_misc":{"Tiempo de lectura":"1 minuto"},"schema":{"@context":"https:\/\/schema.org","@graph":[{"@type":"WebPage","@id":"https:\/\/vamosdevaca.com\/23\/producto\/marcelo-batata-full-immersion-cooking-class-o-clase-tradicional-de-cocina\/","url":"https:\/\/vamosdevaca.com\/23\/producto\/marcelo-batata-full-immersion-cooking-class-o-clase-tradicional-de-cocina\/","name":"Marcelo Batata - Full Immersi\u00f3n Cooking Class O Clase Tradicional de Cocina - Dika Travel Per\u00fa","isPartOf":{"@id":"https:\/\/vamosdevaca.com\/23\/#website"},"datePublished":"2023-05-24T15:38:26+00:00","dateModified":"2023-09-04T23:21:40+00:00","description":"Clase de cocina de inmersi\u00f3n, sum\u00e9rgete en el emocionante mundo de la cocina sous vide y descubre una forma revolucionaria de cocinar en Peru","breadcrumb":{"@id":"https:\/\/vamosdevaca.com\/23\/producto\/marcelo-batata-full-immersion-cooking-class-o-clase-tradicional-de-cocina\/#breadcrumb"},"inLanguage":"es","potentialAction":[{"@type":"ReadAction","target":["https:\/\/vamosdevaca.com\/23\/producto\/marcelo-batata-full-immersion-cooking-class-o-clase-tradicional-de-cocina\/"]}]},{"@type":"BreadcrumbList","@id":"https:\/\/vamosdevaca.com\/23\/producto\/marcelo-batata-full-immersion-cooking-class-o-clase-tradicional-de-cocina\/#breadcrumb","itemListElement":[{"@type":"ListItem","position":1,"name":"Portada","item":"https:\/\/vamosdevaca.com\/23\/"},{"@type":"ListItem","position":2,"name":"Tienda","item":"https:\/\/vamosdevaca.com\/23\/tienda\/"},{"@type":"ListItem","position":3,"name":"Marcelo Batata &#8211; Full Immersi\u00f3n Cooking Class O Clase Tradicional de Cocina"}]},{"@type":"WebSite","@id":"https:\/\/vamosdevaca.com\/23\/#website","url":"https:\/\/vamosdevaca.com\/23\/","name":"Dika Travel Per\u00fa","description":"Agencia Mayorista de Turismo Receptivo","publisher":{"@id":"https:\/\/vamosdevaca.com\/23\/#organization"},"potentialAction":[{"@type":"SearchAction","target":{"@type":"EntryPoint","urlTemplate":"https:\/\/vamosdevaca.com\/23\/?s={search_term_string}"},"query-input":"required name=search_term_string"}],"inLanguage":"es"},{"@type":"Organization","@id":"https:\/\/vamosdevaca.com\/23\/#organization","name":"Dika Travel Per\u00fa","url":"https:\/\/vamosdevaca.com\/23\/","logo":{"@type":"ImageObject","inLanguage":"es","@id":"https:\/\/vamosdevaca.com\/23\/#\/schema\/logo\/image\/","url":"https:\/\/dikatravelperu.travel\/wp-content\/uploads\/2023\/01\/cropped-Dika-Travel-peru-1.jpg","contentUrl":"https:\/\/dikatravelperu.travel\/wp-content\/uploads\/2023\/01\/cropped-Dika-Travel-peru-1.jpg","width":512,"height":512,"caption":"Dika Travel Per\u00fa"},"image":{"@id":"https:\/\/vamosdevaca.com\/23\/#\/schema\/logo\/image\/"}}]}},"_links":{"self":[{"href":"https:\/\/vamosdevaca.com\/23\/wp-json\/wp\/v2\/product\/5496","targetHints":{"allow":["GET"]}}],"collection":[{"href":"https:\/\/vamosdevaca.com\/23\/wp-json\/wp\/v2\/product"}],"about":[{"href":"https:\/\/vamosdevaca.com\/23\/wp-json\/wp\/v2\/types\/product"}],"wp:featuredmedia":[{"embeddable":true,"href":"https:\/\/vamosdevaca.com\/23\/wp-json\/wp\/v2\/media\/5515"}],"wp:attachment":[{"href":"https:\/\/vamosdevaca.com\/23\/wp-json\/wp\/v2\/media?parent=5496"}],"wp:term":[{"taxonomy":"product_cat","embeddable":true,"href":"https:\/\/vamosdevaca.com\/23\/wp-json\/wp\/v2\/product_cat?post=5496"},{"taxonomy":"product_tag","embeddable":true,"href":"https:\/\/vamosdevaca.com\/23\/wp-json\/wp\/v2\/product_tag?post=5496"}],"curies":[{"name":"wp","href":"https:\/\/api.w.org\/{rel}","templated":true}]}}