{"id":6092,"date":"2023-08-23T12:27:27","date_gmt":"2023-08-23T17:27:27","guid":{"rendered":"https:\/\/dikatravelperu.travel\/?post_type=product&#038;p=6092"},"modified":"2023-08-23T12:33:37","modified_gmt":"2023-08-23T17:33:37","slug":"casa-andina-zorritos-04-dias-03-noches-con-aereo-a-tumbes-via-sky","status":"publish","type":"product","link":"https:\/\/vamosdevaca.com\/23\/producto\/casa-andina-zorritos-04-dias-03-noches-con-aereo-a-tumbes-via-sky\/","title":{"rendered":"Casa Andina Zorritos 04 D\u00edas \u2013 03 Noches Con A\u00e9reo a Tumbes Via SKY"},"content":{"rendered":"<p style=\"text-align: center\"><strong>A\u00d1O NUEVO 2024<\/strong><br \/>\n<strong>IN: 30 DICIEMBRE \u2013 OUT: 02 ENERO<\/strong><br \/>\n<strong>CASA ANDINA ZORRITOS<\/strong><br \/>\n<strong>04 D\u00cdAS \/ 03 NOCHES<\/strong><\/p>\n<p><strong>HORARIOS DEL VUELO<\/strong>:<\/p>\n<blockquote><p><strong>H2 5322 30 DICIEMBRE LIM TBP SALE 14:05 HRS LLEGA 15:55 HRS <\/strong><br \/>\n<strong>H2 5325 02 ENERO TBP LIM SALE 21:05 HRS LLEGA 22:55 HRS <\/strong><\/p><\/blockquote>\n<p>Los horarios son referenciales, cualquier reprogramaci\u00f3n ser\u00e1 informada.<br \/>\nTarifas no reembolsables.<\/p>\n<p><strong>\u00a0TARIFA AERE INCLUYE:<\/strong><\/p>\n<blockquote><p>01 bolso de mano 10kgs (Medidas: alto 45cm \/ ancho 35cm \/ profundidad 25cm)<br \/>\n01 equipaje de mano \u2013 Carry On de 10kg (Medidas: alto 55cm \/ ancho 35cm \/ profundidad 25cm).<br \/>\n<strong>Entrega de tickets m\u00e1ximo 48 horas antes del vuelo.<\/strong><br \/>\nEl pre chequeo es un servicio adicional de la l\u00ednea a\u00e9rea, por alta demanda este servicio puede tener complicaciones y\/o demoras<\/p><\/blockquote>\n\n    <div class=\"xs_social_share_widget xs_share_url after_content \t\tmain_content  wslu-style-2 wslu-share-box-shaped wslu-fill-colored wslu-share-m-5 wslu-none wslu-share-horizontal wslu-theme-font-no wslu-main_content\">\n\n\t\t\n        <ul>\n\t\t\t                    <li class=\"xs-share-li facebook                        wslu-no-extra-data\">\n                        <a href=\"javascript:void();\"\n                           id=\"xs_feed_facebook\"\n                           onclick=\"xs_social_sharer(this);\"\n                           data-pid=\"6092\"\n                           data-uri_hash=\"e1698b249b5bdfeea72906b2e0755358\"\n                           data-key=\"facebook\"\n                           data-xs-href=\"http:\/\/www.facebook.com\/sharer.php?u=https%3A%2F%2Fvamosdevaca.com%2F23%2Fwp-json%2Fwp%2Fv2%2Fproduct%2F6092&amp;t=Casa+Andina+Zorritos+04+D%C3%ADas+%E2%80%93+03+Noches+Con+A%C3%A9reo+a+Tumbes+Via+SKY&amp;v=3\">\n\n                            <div class=\"xs-social-icon\">\n                                <span class=\"met-social met-social-facebook\"><\/span>\n                            <\/div>\n\n\t\t\t\t\t\t\t\n                            <div class=\"wslu-hover-content\">\n                                <div class=\"xs-social-followers\">\n\t\t\t\t\t\t\t\t\t0                                <\/div>\n                                <div class=\"xs-social-follower-text\">\n\t\t\t\t\t\t\t\t\t                                <\/div>\n                                <div class=\"xs-social-follower-label\">\n\t\t\t\t\t\t\t\t\tFacebook                                <\/div>\n                            <\/div>\n                        <\/a>\n                    <\/li>\n\t\t\t\t\t                    <li class=\"xs-share-li twitter                        wslu-no-extra-data\">\n                        <a href=\"javascript:void();\"\n                           id=\"xs_feed_twitter\"\n                           onclick=\"xs_social_sharer(this);\"\n                           data-pid=\"6092\"\n                           data-uri_hash=\"e1698b249b5bdfeea72906b2e0755358\"\n                           data-key=\"twitter\"\n                           data-xs-href=\"https:\/\/twitter.com\/intent\/tweet?text=Casa+Andina+Zorritos+04+D%C3%ADas+%E2%80%93+03+Noches+Con+A%C3%A9reo+a+Tumbes+Via+SKY+https%3A%2F%2Fvamosdevaca.com%2F23%2Fwp-json%2Fwp%2Fv2%2Fproduct%2F6092&amp;original_referer=https%3A%2F%2Fvamosdevaca.com%2F23%2Fwp-json%2Fwp%2Fv2%2Fproduct%2F6092&amp;related=xpeedstudio\">\n\n                            <div class=\"xs-social-icon\">\n                                <span class=\"met-social met-social-twitter\"><\/span>\n                            <\/div>\n\n\t\t\t\t\t\t\t\n                            <div class=\"wslu-hover-content\">\n                                <div class=\"xs-social-followers\">\n\t\t\t\t\t\t\t\t\t0                                <\/div>\n                                <div class=\"xs-social-follower-text\">\n\t\t\t\t\t\t\t\t\t                                <\/div>\n                                <div class=\"xs-social-follower-label\">\n\t\t\t\t\t\t\t\t\tTwitter                                <\/div>\n                            <\/div>\n                        <\/a>\n                    <\/li>\n\t\t\t\t\t                    <li class=\"xs-share-li facebook-messenger                        wslu-no-extra-data\">\n                        <a href=\"javascript:void();\"\n                           id=\"xs_feed_facebook-messenger\"\n                           onclick=\"xs_social_sharer(this);\"\n                           data-pid=\"6092\"\n                           data-uri_hash=\"e1698b249b5bdfeea72906b2e0755358\"\n                           data-key=\"facebook-messenger\"\n                           data-xs-href=\"https:\/\/www.facebook.com\/dialog\/send?link=https%3A%2F%2Fvamosdevaca.com%2F23%2Fwp-json%2Fwp%2Fv2%2Fproduct%2F6092&amp;redirect_uri=https%3A%2F%2Fvamosdevaca.com%2F23%2Fwp-json%2Fwp%2Fv2%2Fproduct%2F6092&amp;display=popup&amp;app_id=2577123062406162\">\n\n                            <div class=\"xs-social-icon\">\n                                <span class=\"met-social met-social-facebook-messenger\"><\/span>\n                            <\/div>\n\n\t\t\t\t\t\t\t\n                            <div class=\"wslu-hover-content\">\n                                <div class=\"xs-social-followers\">\n\t\t\t\t\t\t\t\t\t0                                <\/div>\n                                <div class=\"xs-social-follower-text\">\n\t\t\t\t\t\t\t\t\t                                <\/div>\n                                <div class=\"xs-social-follower-label\">\n\t\t\t\t\t\t\t\t\tFacebook-messenger                                <\/div>\n                            <\/div>\n                        <\/a>\n                    <\/li>\n\t\t\t\t\t                    <li class=\"xs-share-li whatsapp                        wslu-no-extra-data\">\n                        <a href=\"javascript:void();\"\n                           id=\"xs_feed_whatsapp\"\n                           onclick=\"xs_social_sharer(this);\"\n                           data-pid=\"6092\"\n                           data-uri_hash=\"e1698b249b5bdfeea72906b2e0755358\"\n                           data-key=\"whatsapp\"\n                           data-xs-href=\"whatsapp:\/\/send?text=Casa+Andina+Zorritos+04+D%C3%ADas+%E2%80%93+03+Noches+Con+A%C3%A9reo+a+Tumbes+Via+SKY+https%3A%2F%2Fvamosdevaca.com%2F23%2Fwp-json%2Fwp%2Fv2%2Fproduct%2F6092\">\n\n                            <div class=\"xs-social-icon\">\n                                <span class=\"met-social met-social-whatsapp\"><\/span>\n                            <\/div>\n\n\t\t\t\t\t\t\t\n                            <div class=\"wslu-hover-content\">\n                                <div class=\"xs-social-followers\">\n\t\t\t\t\t\t\t\t\t0                                <\/div>\n                                <div class=\"xs-social-follower-text\">\n\t\t\t\t\t\t\t\t\t                                <\/div>\n                                <div class=\"xs-social-follower-label\">\n\t\t\t\t\t\t\t\t\tWhatsapp                                <\/div>\n                            <\/div>\n                        <\/a>\n                    <\/li>\n\t\t\t\t\t                    <li class=\"xs-share-li telegram                        wslu-no-extra-data\">\n                        <a href=\"javascript:void();\"\n                           id=\"xs_feed_telegram\"\n                           onclick=\"xs_social_sharer(this);\"\n                           data-pid=\"6092\"\n                           data-uri_hash=\"e1698b249b5bdfeea72906b2e0755358\"\n                           data-key=\"telegram\"\n                           data-xs-href=\"https:\/\/telegram.me\/share\/url?url=https%3A%2F%2Fvamosdevaca.com%2F23%2Fwp-json%2Fwp%2Fv2%2Fproduct%2F6092&amp;text=Casa+Andina+Zorritos+04+D%C3%ADas+%E2%80%93+03+Noches+Con+A%C3%A9reo+a+Tumbes+Via+SKY\">\n\n                            <div class=\"xs-social-icon\">\n                                <span class=\"met-social met-social-telegram\"><\/span>\n                            <\/div>\n\n\t\t\t\t\t\t\t\n                            <div class=\"wslu-hover-content\">\n                                <div class=\"xs-social-followers\">\n\t\t\t\t\t\t\t\t\t0                                <\/div>\n                                <div class=\"xs-social-follower-text\">\n\t\t\t\t\t\t\t\t\t                                <\/div>\n                                <div class=\"xs-social-follower-label\">\n\t\t\t\t\t\t\t\t\tTelegram                                <\/div>\n                            <\/div>\n                        <\/a>\n                    <\/li>\n\t\t\t\t\t                    <li class=\"xs-share-li email                        wslu-no-extra-data\">\n                        <a href=\"javascript:void();\"\n                           id=\"xs_feed_email\"\n                           onclick=\"xs_social_sharer(this);\"\n                           data-pid=\"6092\"\n                           data-uri_hash=\"e1698b249b5bdfeea72906b2e0755358\"\n                           data-key=\"email\"\n                           data-xs-href=\"mailto:?body=Title%3A+Casa+Andina+Zorritos+04+D%C3%ADas+%E2%80%93+03+Noches+Con+A%C3%A9reo+a+Tumbes+Via+SKY+%5Cn%5Cn+URL%3A+https%3A%2F%2Fvamosdevaca.com%2F23%2Fwp-json%2Fwp%2Fv2%2Fproduct%2F6092&amp;subject=Casa+Andina+Zorritos+04+D%C3%ADas+%E2%80%93+03+Noches+Con+A%C3%A9reo+a+Tumbes+Via+SKY\">\n\n                            <div class=\"xs-social-icon\">\n                                <span class=\"met-social met-social-email\"><\/span>\n                            <\/div>\n\n\t\t\t\t\t\t\t\n                            <div class=\"wslu-hover-content\">\n                                <div class=\"xs-social-followers\">\n\t\t\t\t\t\t\t\t\t0                                <\/div>\n                                <div class=\"xs-social-follower-text\">\n\t\t\t\t\t\t\t\t\t                                <\/div>\n                                <div class=\"xs-social-follower-label\">\n\t\t\t\t\t\t\t\t\tEmail                                <\/div>\n                            <\/div>\n                        <\/a>\n                    <\/li>\n\t\t\t\t\t        <\/ul>\n    <\/div> \n","protected":false},"excerpt":{"rendered":"<p>Descarga el Itinerario Completo:<\/p>\n<p><a href=\"https:\/\/dikatravelperu.travel\/wp-content\/uploads\/2023\/08\/CASA-ANDINA-CON-AEREO-A-TUMBES-VIA-SKY-SIN-TRASLADO.docx\" target=\"_blank\" rel=\"noopener\"><img loading=\"lazy\" decoding=\"async\" class=\"alignleft wp-image-1504\" src=\"https:\/\/dikatravelperu.travel\/wp-content\/uploads\/2023\/01\/Word-300x225.png\" alt=\"\" width=\"42\" height=\"32\" srcset=\"https:\/\/vamosdevaca.com\/23\/wp-content\/uploads\/2023\/01\/Word-300x225.png 300w, https:\/\/vamosdevaca.com\/23\/wp-content\/uploads\/2023\/01\/Word-768x576.png 768w, https:\/\/vamosdevaca.com\/23\/wp-content\/uploads\/2023\/01\/Word-600x450.png 600w, https:\/\/vamosdevaca.com\/23\/wp-content\/uploads\/2023\/01\/Word.png 1000w\" sizes=\"auto, (max-width: 42px) 100vw, 42px\" \/><\/a><a href=\"https:\/\/dikatravelperu.travel\/wp-content\/uploads\/2023\/08\/CASA-ANDINA-CON-AEREO-A-TUMBES-VIA-SKY-SIN-TRASLADO.pdf\" target=\"_blank\" rel=\"noopener\"><img loading=\"lazy\" decoding=\"async\" class=\"alignleft wp-image-1505\" src=\"https:\/\/dikatravelperu.travel\/wp-content\/uploads\/2023\/01\/3997635-300x300.png\" alt=\"\" width=\"32\" height=\"32\" srcset=\"https:\/\/vamosdevaca.com\/23\/wp-content\/uploads\/2023\/01\/3997635-300x300.png 300w, https:\/\/vamosdevaca.com\/23\/wp-content\/uploads\/2023\/01\/3997635-150x150.png 150w, https:\/\/vamosdevaca.com\/23\/wp-content\/uploads\/2023\/01\/3997635-100x100.png 100w, https:\/\/vamosdevaca.com\/23\/wp-content\/uploads\/2023\/01\/3997635.png 512w\" sizes=\"auto, (max-width: 32px) 100vw, 32px\" \/><\/a> <img loading=\"lazy\" decoding=\"async\" class=\" wp-image-1647 alignleft\" src=\"https:\/\/dikatravelperu.travel\/wp-content\/uploads\/2023\/01\/Imagen-300x300.png\" alt=\"\" width=\"35\" height=\"35\" srcset=\"https:\/\/vamosdevaca.com\/23\/wp-content\/uploads\/2023\/01\/Imagen-300x300.png 300w, https:\/\/vamosdevaca.com\/23\/wp-content\/uploads\/2023\/01\/Imagen-150x150.png 150w, https:\/\/vamosdevaca.com\/23\/wp-content\/uploads\/2023\/01\/Imagen-100x100.png 100w, https:\/\/vamosdevaca.com\/23\/wp-content\/uploads\/2023\/01\/Imagen.png 512w\" sizes=\"auto, (max-width: 35px) 100vw, 35px\" \/><\/p>\n<p><a href=\"https:\/\/wa.me\/51987540596\" target=\"_blank\" rel=\"noopener\"><img loading=\"lazy\" decoding=\"async\" class=\"alignleft wp-image-1681\" src=\"https:\/\/dikatravelperu.travel\/wp-content\/uploads\/2023\/01\/Whats-App-Logo-293x300.png\" alt=\"Whats App Logo\" width=\"36\" height=\"37\" srcset=\"https:\/\/vamosdevaca.com\/23\/wp-content\/uploads\/2023\/01\/Whats-App-Logo-293x300.png 293w, https:\/\/vamosdevaca.com\/23\/wp-content\/uploads\/2023\/01\/Whats-App-Logo-150x150.png 150w, https:\/\/vamosdevaca.com\/23\/wp-content\/uploads\/2023\/01\/Whats-App-Logo-768x786.png 768w, https:\/\/vamosdevaca.com\/23\/wp-content\/uploads\/2023\/01\/Whats-App-Logo-600x614.png 600w, https:\/\/vamosdevaca.com\/23\/wp-content\/uploads\/2023\/01\/Whats-App-Logo-300x300.png 300w, https:\/\/vamosdevaca.com\/23\/wp-content\/uploads\/2023\/01\/Whats-App-Logo-100x100.png 100w, https:\/\/vamosdevaca.com\/23\/wp-content\/uploads\/2023\/01\/Whats-App-Logo.png 1000w\" sizes=\"auto, (max-width: 36px) 100vw, 36px\" \/><\/a><\/p>\n<p>&nbsp;<\/p>\n<ul>\n<li>Precio por habitaci\u00f3n, expresado en d\u00f3lares americanos.<br \/>\nConfirmaci\u00f3n sujeta a disponibilidad hotelera.<\/li>\n<\/ul>\n","protected":false},"featured_media":6094,"template":"","meta":{"_joinchat":[]},"product_cat":[227,245,223],"product_tag":[],"class_list":{"0":"post-6092","1":"product","2":"type-product","3":"status-publish","4":"has-post-thumbnail","5":"hentry","6":"product_cat-ano-nuevo-salidas-confirmadas","7":"product_cat-con-aereos-fp","8":"product_cat-salidas-confirmadas","10":"entry","11":"has-media","12":"owp-thumbs-layout-horizontal","13":"owp-btn-very-big","14":"owp-tabs-layout-horizontal","15":"has-no-thumbnails"},"yoast_head":"<!-- This site is optimized with the Yoast SEO plugin v21.5 - https:\/\/yoast.com\/wordpress\/plugins\/seo\/ -->\n<title>Casa Andina Zorritos 04 D\u00edas \u2013 03 Noches Con A\u00e9reo a Tumbes Via SKY - Dika Travel Per\u00fa Dika Travel Per\u00fa %<\/title>\n<meta name=\"description\" content=\"Tu aventura culinaria comienza en nuestros restaurantes, donde podr\u00e1s saborear la deliciosa cocina local e internacional preparada con pasi\u00f3n y creatividad.\" \/>\n<meta name=\"robots\" content=\"index, follow, max-snippet:-1, max-image-preview:large, max-video-preview:-1\" \/>\n<link rel=\"canonical\" href=\"https:\/\/vamosdevaca.com\/23\/producto\/casa-andina-zorritos-04-dias-03-noches-con-aereo-a-tumbes-via-sky\/\" \/>\n<meta property=\"og:locale\" content=\"es_ES\" \/>\n<meta property=\"og:type\" content=\"article\" \/>\n<meta property=\"og:title\" content=\"Casa Andina Zorritos 04 D\u00edas \u2013 03 Noches Con A\u00e9reo a Tumbes Via SKY - Dika Travel Per\u00fa Dika Travel Per\u00fa %\" \/>\n<meta property=\"og:description\" content=\"Tu aventura culinaria comienza en nuestros restaurantes, donde podr\u00e1s saborear la deliciosa cocina local e internacional preparada con pasi\u00f3n y creatividad.\" \/>\n<meta property=\"og:url\" content=\"https:\/\/vamosdevaca.com\/23\/producto\/casa-andina-zorritos-04-dias-03-noches-con-aereo-a-tumbes-via-sky\/\" \/>\n<meta property=\"og:site_name\" content=\"Dika Travel Per\u00fa\" \/>\n<meta property=\"article:modified_time\" content=\"2023-08-23T17:33:37+00:00\" \/>\n<meta property=\"og:image\" content=\"https:\/\/vamosdevaca.com\/23\/wp-content\/uploads\/2023\/08\/casa-andina-zorritos-4.png\" \/>\n\t<meta property=\"og:image:width\" content=\"972\" \/>\n\t<meta property=\"og:image:height\" content=\"640\" \/>\n\t<meta property=\"og:image:type\" content=\"image\/png\" \/>\n<meta name=\"twitter:card\" content=\"summary_large_image\" \/>\n<meta name=\"twitter:label1\" content=\"Tiempo de lectura\" \/>\n\t<meta name=\"twitter:data1\" content=\"1 minuto\" \/>\n<script type=\"application\/ld+json\" class=\"yoast-schema-graph\">{\"@context\":\"https:\/\/schema.org\",\"@graph\":[{\"@type\":\"WebPage\",\"@id\":\"https:\/\/vamosdevaca.com\/23\/producto\/casa-andina-zorritos-04-dias-03-noches-con-aereo-a-tumbes-via-sky\/\",\"url\":\"https:\/\/vamosdevaca.com\/23\/producto\/casa-andina-zorritos-04-dias-03-noches-con-aereo-a-tumbes-via-sky\/\",\"name\":\"Casa Andina Zorritos 04 D\u00edas \u2013 03 Noches Con A\u00e9reo a Tumbes Via SKY - Dika Travel Per\u00fa Dika Travel Per\u00fa %\",\"isPartOf\":{\"@id\":\"https:\/\/vamosdevaca.com\/23\/#website\"},\"datePublished\":\"2023-08-23T17:27:27+00:00\",\"dateModified\":\"2023-08-23T17:33:37+00:00\",\"description\":\"Tu aventura culinaria comienza en nuestros restaurantes, donde podr\u00e1s saborear la deliciosa cocina local e internacional preparada con pasi\u00f3n y creatividad.\",\"breadcrumb\":{\"@id\":\"https:\/\/vamosdevaca.com\/23\/producto\/casa-andina-zorritos-04-dias-03-noches-con-aereo-a-tumbes-via-sky\/#breadcrumb\"},\"inLanguage\":\"es\",\"potentialAction\":[{\"@type\":\"ReadAction\",\"target\":[\"https:\/\/vamosdevaca.com\/23\/producto\/casa-andina-zorritos-04-dias-03-noches-con-aereo-a-tumbes-via-sky\/\"]}]},{\"@type\":\"BreadcrumbList\",\"@id\":\"https:\/\/vamosdevaca.com\/23\/producto\/casa-andina-zorritos-04-dias-03-noches-con-aereo-a-tumbes-via-sky\/#breadcrumb\",\"itemListElement\":[{\"@type\":\"ListItem\",\"position\":1,\"name\":\"Portada\",\"item\":\"https:\/\/vamosdevaca.com\/23\/\"},{\"@type\":\"ListItem\",\"position\":2,\"name\":\"Tienda\",\"item\":\"https:\/\/vamosdevaca.com\/23\/tienda\/\"},{\"@type\":\"ListItem\",\"position\":3,\"name\":\"Casa Andina Zorritos 04 D\u00edas \u2013 03 Noches Con A\u00e9reo a Tumbes Via SKY\"}]},{\"@type\":\"WebSite\",\"@id\":\"https:\/\/vamosdevaca.com\/23\/#website\",\"url\":\"https:\/\/vamosdevaca.com\/23\/\",\"name\":\"Dika Travel Per\u00fa\",\"description\":\"Agencia Mayorista de Turismo Receptivo\",\"publisher\":{\"@id\":\"https:\/\/vamosdevaca.com\/23\/#organization\"},\"potentialAction\":[{\"@type\":\"SearchAction\",\"target\":{\"@type\":\"EntryPoint\",\"urlTemplate\":\"https:\/\/vamosdevaca.com\/23\/?s={search_term_string}\"},\"query-input\":\"required name=search_term_string\"}],\"inLanguage\":\"es\"},{\"@type\":\"Organization\",\"@id\":\"https:\/\/vamosdevaca.com\/23\/#organization\",\"name\":\"Dika Travel Per\u00fa\",\"url\":\"https:\/\/vamosdevaca.com\/23\/\",\"logo\":{\"@type\":\"ImageObject\",\"inLanguage\":\"es\",\"@id\":\"https:\/\/vamosdevaca.com\/23\/#\/schema\/logo\/image\/\",\"url\":\"https:\/\/dikatravelperu.travel\/wp-content\/uploads\/2023\/01\/cropped-Dika-Travel-peru-1.jpg\",\"contentUrl\":\"https:\/\/dikatravelperu.travel\/wp-content\/uploads\/2023\/01\/cropped-Dika-Travel-peru-1.jpg\",\"width\":512,\"height\":512,\"caption\":\"Dika Travel Per\u00fa\"},\"image\":{\"@id\":\"https:\/\/vamosdevaca.com\/23\/#\/schema\/logo\/image\/\"}}]}<\/script>\n<!-- \/ Yoast SEO plugin. -->","yoast_head_json":{"title":"Casa Andina Zorritos 04 D\u00edas \u2013 03 Noches Con A\u00e9reo a Tumbes Via SKY - Dika Travel Per\u00fa Dika Travel Per\u00fa %","description":"Tu aventura culinaria comienza en nuestros restaurantes, donde podr\u00e1s saborear la deliciosa cocina local e internacional preparada con pasi\u00f3n y creatividad.","robots":{"index":"index","follow":"follow","max-snippet":"max-snippet:-1","max-image-preview":"max-image-preview:large","max-video-preview":"max-video-preview:-1"},"canonical":"https:\/\/vamosdevaca.com\/23\/producto\/casa-andina-zorritos-04-dias-03-noches-con-aereo-a-tumbes-via-sky\/","og_locale":"es_ES","og_type":"article","og_title":"Casa Andina Zorritos 04 D\u00edas \u2013 03 Noches Con A\u00e9reo a Tumbes Via SKY - Dika Travel Per\u00fa Dika Travel Per\u00fa %","og_description":"Tu aventura culinaria comienza en nuestros restaurantes, donde podr\u00e1s saborear la deliciosa cocina local e internacional preparada con pasi\u00f3n y creatividad.","og_url":"https:\/\/vamosdevaca.com\/23\/producto\/casa-andina-zorritos-04-dias-03-noches-con-aereo-a-tumbes-via-sky\/","og_site_name":"Dika Travel Per\u00fa","article_modified_time":"2023-08-23T17:33:37+00:00","og_image":[{"width":972,"height":640,"url":"https:\/\/vamosdevaca.com\/23\/wp-content\/uploads\/2023\/08\/casa-andina-zorritos-4.png","type":"image\/png"}],"twitter_card":"summary_large_image","twitter_misc":{"Tiempo de lectura":"1 minuto"},"schema":{"@context":"https:\/\/schema.org","@graph":[{"@type":"WebPage","@id":"https:\/\/vamosdevaca.com\/23\/producto\/casa-andina-zorritos-04-dias-03-noches-con-aereo-a-tumbes-via-sky\/","url":"https:\/\/vamosdevaca.com\/23\/producto\/casa-andina-zorritos-04-dias-03-noches-con-aereo-a-tumbes-via-sky\/","name":"Casa Andina Zorritos 04 D\u00edas \u2013 03 Noches Con A\u00e9reo a Tumbes Via SKY - Dika Travel Per\u00fa Dika Travel Per\u00fa %","isPartOf":{"@id":"https:\/\/vamosdevaca.com\/23\/#website"},"datePublished":"2023-08-23T17:27:27+00:00","dateModified":"2023-08-23T17:33:37+00:00","description":"Tu aventura culinaria comienza en nuestros restaurantes, donde podr\u00e1s saborear la deliciosa cocina local e internacional preparada con pasi\u00f3n y creatividad.","breadcrumb":{"@id":"https:\/\/vamosdevaca.com\/23\/producto\/casa-andina-zorritos-04-dias-03-noches-con-aereo-a-tumbes-via-sky\/#breadcrumb"},"inLanguage":"es","potentialAction":[{"@type":"ReadAction","target":["https:\/\/vamosdevaca.com\/23\/producto\/casa-andina-zorritos-04-dias-03-noches-con-aereo-a-tumbes-via-sky\/"]}]},{"@type":"BreadcrumbList","@id":"https:\/\/vamosdevaca.com\/23\/producto\/casa-andina-zorritos-04-dias-03-noches-con-aereo-a-tumbes-via-sky\/#breadcrumb","itemListElement":[{"@type":"ListItem","position":1,"name":"Portada","item":"https:\/\/vamosdevaca.com\/23\/"},{"@type":"ListItem","position":2,"name":"Tienda","item":"https:\/\/vamosdevaca.com\/23\/tienda\/"},{"@type":"ListItem","position":3,"name":"Casa Andina Zorritos 04 D\u00edas \u2013 03 Noches Con A\u00e9reo a Tumbes Via SKY"}]},{"@type":"WebSite","@id":"https:\/\/vamosdevaca.com\/23\/#website","url":"https:\/\/vamosdevaca.com\/23\/","name":"Dika Travel Per\u00fa","description":"Agencia Mayorista de Turismo Receptivo","publisher":{"@id":"https:\/\/vamosdevaca.com\/23\/#organization"},"potentialAction":[{"@type":"SearchAction","target":{"@type":"EntryPoint","urlTemplate":"https:\/\/vamosdevaca.com\/23\/?s={search_term_string}"},"query-input":"required name=search_term_string"}],"inLanguage":"es"},{"@type":"Organization","@id":"https:\/\/vamosdevaca.com\/23\/#organization","name":"Dika Travel Per\u00fa","url":"https:\/\/vamosdevaca.com\/23\/","logo":{"@type":"ImageObject","inLanguage":"es","@id":"https:\/\/vamosdevaca.com\/23\/#\/schema\/logo\/image\/","url":"https:\/\/dikatravelperu.travel\/wp-content\/uploads\/2023\/01\/cropped-Dika-Travel-peru-1.jpg","contentUrl":"https:\/\/dikatravelperu.travel\/wp-content\/uploads\/2023\/01\/cropped-Dika-Travel-peru-1.jpg","width":512,"height":512,"caption":"Dika Travel Per\u00fa"},"image":{"@id":"https:\/\/vamosdevaca.com\/23\/#\/schema\/logo\/image\/"}}]}},"_links":{"self":[{"href":"https:\/\/vamosdevaca.com\/23\/wp-json\/wp\/v2\/product\/6092","targetHints":{"allow":["GET"]}}],"collection":[{"href":"https:\/\/vamosdevaca.com\/23\/wp-json\/wp\/v2\/product"}],"about":[{"href":"https:\/\/vamosdevaca.com\/23\/wp-json\/wp\/v2\/types\/product"}],"wp:featuredmedia":[{"embeddable":true,"href":"https:\/\/vamosdevaca.com\/23\/wp-json\/wp\/v2\/media\/6094"}],"wp:attachment":[{"href":"https:\/\/vamosdevaca.com\/23\/wp-json\/wp\/v2\/media?parent=6092"}],"wp:term":[{"taxonomy":"product_cat","embeddable":true,"href":"https:\/\/vamosdevaca.com\/23\/wp-json\/wp\/v2\/product_cat?post=6092"},{"taxonomy":"product_tag","embeddable":true,"href":"https:\/\/vamosdevaca.com\/23\/wp-json\/wp\/v2\/product_tag?post=6092"}],"curies":[{"name":"wp","href":"https:\/\/api.w.org\/{rel}","templated":true}]}}