{"id":6380,"date":"2023-09-01T15:46:11","date_gmt":"2023-09-01T20:46:11","guid":{"rendered":"https:\/\/dikatravelperu.travel\/?post_type=product&#038;p=6380"},"modified":"2023-09-01T15:51:16","modified_gmt":"2023-09-01T20:51:16","slug":"cumaceba-lodge-04-dias-03-noches-via-sky-ciudad-selva","status":"publish","type":"product","link":"https:\/\/vamosdevaca.com\/23\/producto\/cumaceba-lodge-04-dias-03-noches-via-sky-ciudad-selva\/","title":{"rendered":"Cumaceba Lodge 04 D\u00edas \u2013 03 Noches V\u00eda Sky ( Ciudad- Selva)"},"content":{"rendered":"<p style=\"text-align: center\"><strong>A\u00d1O NUEVO 2024<\/strong><br \/>\n<strong>IN: 30 DICIEMBRE \u2013 OUT: 02 ENERO<\/strong><br \/>\n<strong>CUMACEBA LODGE<\/strong><br \/>\n<strong>04 D\u00cdAS- 03 NOCHES<\/strong><\/p>\n<p style=\"text-align: left\"><strong>ITINERARIO<\/strong><\/p>\n<h1 style=\"background: white\"><span lang=\"ES\" style=\"font-size: 10.0pt;font-family: 'Gadugi',sans-serif;color: black;text-decoration: none\">D\u00cdA 1:-IQUITOS \u2013 CUMACEBA LODGE<\/span><\/h1>\n<blockquote><p>Recepci\u00f3n en el aeropuerto de la ciudad de Iquitos. City Tour peatonal. Dependiendo de la hora de llegada. Traslado a nuestro embarcadero privado para abordar nuestra embarcaci\u00f3n r\u00e1pida. Visita a las casas flotantes de noviembre a Julio. Navegaci\u00f3n por el r\u00edo Amazonas, observando sus diferentes caser\u00edos. Bebida t\u00edpica al arribo a Cumaceba Lodge. Asignaci\u00f3n de caba\u00f1as privadas. Almuerzo t\u00edpico autoservicio; caminata por la selva conociendo flora y fauna. Puesta de Sol sobre el r\u00edo Amazonas. Caminata nocturna, insectos, batracios, tar\u00e1ntulas etc. <strong>Cena. Mitos amaz\u00f3nicos. <\/strong><br \/>\n<strong>Noche en Cumaceba Lodge<\/strong><\/p><\/blockquote>\n<h1 style=\"background: white\"><span lang=\"ES\" style=\"font-size: 10.0pt;font-family: 'Gadugi',sans-serif;color: black;text-decoration: none\">\u00a0\u00a0DIA 2:-<\/span><span lang=\"ES\" style=\"font-size: 10.0pt;font-family: 'Gadugi',sans-serif;color: black;text-decoration: none\">CUMACEBA LODGE<\/span><\/h1>\n<blockquote><p>Excursi\u00f3n matutina y observaci\u00f3n de aves caminando o en la laguna, conociendo el legendario Shansho &#8211; Hoatzin. Desayuno. Visita al grupo nativo Yagua para conocer su vestimenta t\u00edpica, dialecto, modo de vida, demostraci\u00f3n de antiguo modo de caza, con la \u201cCerbatana\u201d. Elaboran artesan\u00edas que podr\u00e1n ser intercambiadas o compradas. Almuerzo t\u00edpico autoservicio; tour por el r\u00edo Amazonas visitando a una familia ribere\u00f1a quienes preservan algunas variedades de animales como: perezosos, monos, tortugas, \u201cAnacondas\u201d o boas constrictoras. B\u00fasqueda de delfines grises y rosados de r\u00edo. Excursi\u00f3n nocturna en canoa, sonidos t\u00edpicos de la selva tropical h\u00fameda. Cena.<br \/>\n<strong>Noche en Cumaceba Lodge.<\/strong><\/p><\/blockquote>\n<h1 style=\"background: white\"><span lang=\"ES\" style=\"font-size: 10.0pt;font-family: 'Gadugi',sans-serif;color: black;text-decoration: none\">\u00a0\u00a0DIA 3:- CUMACEBA LODGE \u2013 CRIADERO DE PAICHES<\/span><\/h1>\n<blockquote><p>Amanecer a orillas del rio Amazonas observando aves en la Isla Padre en canoa o bote.<br \/>\nDesayuno. Tour por el r\u00edo Amazonas y observaci\u00f3n del pez m\u00e1s grande de agua dulce<strong>: ARAPAIMA GIGAS &#8211; PAICHE<\/strong>. Caminata por el peque\u00f1o pueblo, conociendo parte de su quehacer cotidiano. Retorno a Cumaceba Lodge. Tour en canoa a trav\u00e9s de un tributario, especial para fotografiar. Cena.<br \/>\n<strong>Noche en Cumaceba Lodge.<\/strong><\/p><\/blockquote>\n<h1 style=\"background: white\"><span lang=\"ES\" style=\"font-size: 10.0pt;font-family: 'Gadugi',sans-serif;color: black;text-decoration: none\">\u00a0\u00a0DIA 4:-\u00a0<\/span><\/h1>\n<blockquote><p>Desayuno.<br \/>\nHora oportuna traslado de salida.<\/p>\n<p><strong>FIN DE LOS SERVICIOS<\/strong><\/p><\/blockquote>\n\n    <div class=\"xs_social_share_widget xs_share_url after_content \t\tmain_content  wslu-style-2 wslu-share-box-shaped wslu-fill-colored wslu-share-m-5 wslu-none wslu-share-horizontal wslu-theme-font-no wslu-main_content\">\n\n\t\t\n        <ul>\n\t\t\t                    <li class=\"xs-share-li facebook                        wslu-no-extra-data\">\n                        <a href=\"javascript:void();\"\n                           id=\"xs_feed_facebook\"\n                           onclick=\"xs_social_sharer(this);\"\n                           data-pid=\"6380\"\n                           data-uri_hash=\"2a78be21298901d9aa1f5fe4c2dc4fc5\"\n                           data-key=\"facebook\"\n                           data-xs-href=\"http:\/\/www.facebook.com\/sharer.php?u=https%3A%2F%2Fvamosdevaca.com%2F23%2Fwp-json%2Fwp%2Fv2%2Fproduct%2F6380&amp;t=Cumaceba+Lodge+04+D%C3%ADas+%E2%80%93+03+Noches+V%C3%ADa+Sky+%28+Ciudad-+Selva%29&amp;v=3\">\n\n                            <div class=\"xs-social-icon\">\n                                <span class=\"met-social met-social-facebook\"><\/span>\n                            <\/div>\n\n\t\t\t\t\t\t\t\n                            <div class=\"wslu-hover-content\">\n                                <div class=\"xs-social-followers\">\n\t\t\t\t\t\t\t\t\t0                                <\/div>\n                                <div class=\"xs-social-follower-text\">\n\t\t\t\t\t\t\t\t\t                                <\/div>\n                                <div class=\"xs-social-follower-label\">\n\t\t\t\t\t\t\t\t\tFacebook                                <\/div>\n                            <\/div>\n                        <\/a>\n                    <\/li>\n\t\t\t\t\t                    <li class=\"xs-share-li twitter                        wslu-no-extra-data\">\n                        <a href=\"javascript:void();\"\n                           id=\"xs_feed_twitter\"\n                           onclick=\"xs_social_sharer(this);\"\n                           data-pid=\"6380\"\n                           data-uri_hash=\"2a78be21298901d9aa1f5fe4c2dc4fc5\"\n                           data-key=\"twitter\"\n                           data-xs-href=\"https:\/\/twitter.com\/intent\/tweet?text=Cumaceba+Lodge+04+D%C3%ADas+%E2%80%93+03+Noches+V%C3%ADa+Sky+%28+Ciudad-+Selva%29+https%3A%2F%2Fvamosdevaca.com%2F23%2Fwp-json%2Fwp%2Fv2%2Fproduct%2F6380&amp;original_referer=https%3A%2F%2Fvamosdevaca.com%2F23%2Fwp-json%2Fwp%2Fv2%2Fproduct%2F6380&amp;related=xpeedstudio\">\n\n                            <div class=\"xs-social-icon\">\n                                <span class=\"met-social met-social-twitter\"><\/span>\n                            <\/div>\n\n\t\t\t\t\t\t\t\n                            <div class=\"wslu-hover-content\">\n                                <div class=\"xs-social-followers\">\n\t\t\t\t\t\t\t\t\t0                                <\/div>\n                                <div class=\"xs-social-follower-text\">\n\t\t\t\t\t\t\t\t\t                                <\/div>\n                                <div class=\"xs-social-follower-label\">\n\t\t\t\t\t\t\t\t\tTwitter                                <\/div>\n                            <\/div>\n                        <\/a>\n                    <\/li>\n\t\t\t\t\t                    <li class=\"xs-share-li facebook-messenger                        wslu-no-extra-data\">\n                        <a href=\"javascript:void();\"\n                           id=\"xs_feed_facebook-messenger\"\n                           onclick=\"xs_social_sharer(this);\"\n                           data-pid=\"6380\"\n                           data-uri_hash=\"2a78be21298901d9aa1f5fe4c2dc4fc5\"\n                           data-key=\"facebook-messenger\"\n                           data-xs-href=\"https:\/\/www.facebook.com\/dialog\/send?link=https%3A%2F%2Fvamosdevaca.com%2F23%2Fwp-json%2Fwp%2Fv2%2Fproduct%2F6380&amp;redirect_uri=https%3A%2F%2Fvamosdevaca.com%2F23%2Fwp-json%2Fwp%2Fv2%2Fproduct%2F6380&amp;display=popup&amp;app_id=2577123062406162\">\n\n                            <div class=\"xs-social-icon\">\n                                <span class=\"met-social met-social-facebook-messenger\"><\/span>\n                            <\/div>\n\n\t\t\t\t\t\t\t\n                            <div class=\"wslu-hover-content\">\n                                <div class=\"xs-social-followers\">\n\t\t\t\t\t\t\t\t\t0                                <\/div>\n                                <div class=\"xs-social-follower-text\">\n\t\t\t\t\t\t\t\t\t                                <\/div>\n                                <div class=\"xs-social-follower-label\">\n\t\t\t\t\t\t\t\t\tFacebook-messenger                                <\/div>\n                            <\/div>\n                        <\/a>\n                    <\/li>\n\t\t\t\t\t                    <li class=\"xs-share-li whatsapp                        wslu-no-extra-data\">\n                        <a href=\"javascript:void();\"\n                           id=\"xs_feed_whatsapp\"\n                           onclick=\"xs_social_sharer(this);\"\n                           data-pid=\"6380\"\n                           data-uri_hash=\"2a78be21298901d9aa1f5fe4c2dc4fc5\"\n                           data-key=\"whatsapp\"\n                           data-xs-href=\"whatsapp:\/\/send?text=Cumaceba+Lodge+04+D%C3%ADas+%E2%80%93+03+Noches+V%C3%ADa+Sky+%28+Ciudad-+Selva%29+https%3A%2F%2Fvamosdevaca.com%2F23%2Fwp-json%2Fwp%2Fv2%2Fproduct%2F6380\">\n\n                            <div class=\"xs-social-icon\">\n                                <span class=\"met-social met-social-whatsapp\"><\/span>\n                            <\/div>\n\n\t\t\t\t\t\t\t\n                            <div class=\"wslu-hover-content\">\n                                <div class=\"xs-social-followers\">\n\t\t\t\t\t\t\t\t\t0                                <\/div>\n                                <div class=\"xs-social-follower-text\">\n\t\t\t\t\t\t\t\t\t                                <\/div>\n                                <div class=\"xs-social-follower-label\">\n\t\t\t\t\t\t\t\t\tWhatsapp                                <\/div>\n                            <\/div>\n                        <\/a>\n                    <\/li>\n\t\t\t\t\t                    <li class=\"xs-share-li telegram                        wslu-no-extra-data\">\n                        <a href=\"javascript:void();\"\n                           id=\"xs_feed_telegram\"\n                           onclick=\"xs_social_sharer(this);\"\n                           data-pid=\"6380\"\n                           data-uri_hash=\"2a78be21298901d9aa1f5fe4c2dc4fc5\"\n                           data-key=\"telegram\"\n                           data-xs-href=\"https:\/\/telegram.me\/share\/url?url=https%3A%2F%2Fvamosdevaca.com%2F23%2Fwp-json%2Fwp%2Fv2%2Fproduct%2F6380&amp;text=Cumaceba+Lodge+04+D%C3%ADas+%E2%80%93+03+Noches+V%C3%ADa+Sky+%28+Ciudad-+Selva%29\">\n\n                            <div class=\"xs-social-icon\">\n                                <span class=\"met-social met-social-telegram\"><\/span>\n                            <\/div>\n\n\t\t\t\t\t\t\t\n                            <div class=\"wslu-hover-content\">\n                                <div class=\"xs-social-followers\">\n\t\t\t\t\t\t\t\t\t0                                <\/div>\n                                <div class=\"xs-social-follower-text\">\n\t\t\t\t\t\t\t\t\t                                <\/div>\n                                <div class=\"xs-social-follower-label\">\n\t\t\t\t\t\t\t\t\tTelegram                                <\/div>\n                            <\/div>\n                        <\/a>\n                    <\/li>\n\t\t\t\t\t                    <li class=\"xs-share-li email                        wslu-no-extra-data\">\n                        <a href=\"javascript:void();\"\n                           id=\"xs_feed_email\"\n                           onclick=\"xs_social_sharer(this);\"\n                           data-pid=\"6380\"\n                           data-uri_hash=\"2a78be21298901d9aa1f5fe4c2dc4fc5\"\n                           data-key=\"email\"\n                           data-xs-href=\"mailto:?body=Title%3A+Cumaceba+Lodge+04+D%C3%ADas+%E2%80%93+03+Noches+V%C3%ADa+Sky+%28+Ciudad-+Selva%29+%5Cn%5Cn+URL%3A+https%3A%2F%2Fvamosdevaca.com%2F23%2Fwp-json%2Fwp%2Fv2%2Fproduct%2F6380&amp;subject=Cumaceba+Lodge+04+D%C3%ADas+%E2%80%93+03+Noches+V%C3%ADa+Sky+%28+Ciudad-+Selva%29\">\n\n                            <div class=\"xs-social-icon\">\n                                <span class=\"met-social met-social-email\"><\/span>\n                            <\/div>\n\n\t\t\t\t\t\t\t\n                            <div class=\"wslu-hover-content\">\n                                <div class=\"xs-social-followers\">\n\t\t\t\t\t\t\t\t\t0                                <\/div>\n                                <div class=\"xs-social-follower-text\">\n\t\t\t\t\t\t\t\t\t                                <\/div>\n                                <div class=\"xs-social-follower-label\">\n\t\t\t\t\t\t\t\t\tEmail                                <\/div>\n                            <\/div>\n                        <\/a>\n                    <\/li>\n\t\t\t\t\t        <\/ul>\n    <\/div> \n","protected":false},"excerpt":{"rendered":"<p>Descarga el Itinerario Completo:<\/p>\n<p data-wp-editing=\"1\"><a href=\"https:\/\/dikatravelperu.travel\/wp-content\/uploads\/2023\/09\/ANO-NUEVO-CUMACEBA-PAPAGAYO-VIA-SKY-04D-03N-CUDAD-SELVA.docx\" target=\"_blank\" rel=\"noopener\"><img loading=\"lazy\" decoding=\"async\" class=\"alignleft wp-image-1504\" src=\"https:\/\/dikatravelperu.travel\/wp-content\/uploads\/2023\/01\/Word-300x225.png\" alt=\"\" width=\"42\" height=\"32\" srcset=\"https:\/\/vamosdevaca.com\/23\/wp-content\/uploads\/2023\/01\/Word-300x225.png 300w, https:\/\/vamosdevaca.com\/23\/wp-content\/uploads\/2023\/01\/Word-768x576.png 768w, https:\/\/vamosdevaca.com\/23\/wp-content\/uploads\/2023\/01\/Word-600x450.png 600w, https:\/\/vamosdevaca.com\/23\/wp-content\/uploads\/2023\/01\/Word.png 1000w\" sizes=\"auto, (max-width: 42px) 100vw, 42px\" \/><\/a><a href=\"https:\/\/dikatravelperu.travel\/wp-content\/uploads\/2023\/09\/ANO-NUEVO-CUMACEBA-PAPAGAYO-VIA-SKY-04D-03N-CUDAD-SELVA.pdf\" target=\"_blank\" rel=\"noopener\"><img loading=\"lazy\" decoding=\"async\" class=\"alignleft wp-image-1505\" src=\"https:\/\/dikatravelperu.travel\/wp-content\/uploads\/2023\/01\/3997635-300x300.png\" alt=\"\" width=\"32\" height=\"32\" srcset=\"https:\/\/vamosdevaca.com\/23\/wp-content\/uploads\/2023\/01\/3997635-300x300.png 300w, https:\/\/vamosdevaca.com\/23\/wp-content\/uploads\/2023\/01\/3997635-150x150.png 150w, https:\/\/vamosdevaca.com\/23\/wp-content\/uploads\/2023\/01\/3997635-100x100.png 100w, https:\/\/vamosdevaca.com\/23\/wp-content\/uploads\/2023\/01\/3997635.png 512w\" sizes=\"auto, (max-width: 32px) 100vw, 32px\" \/><\/a> <img loading=\"lazy\" decoding=\"async\" class=\" wp-image-1647 alignleft\" src=\"https:\/\/dikatravelperu.travel\/wp-content\/uploads\/2023\/01\/Imagen-300x300.png\" alt=\"\" width=\"35\" height=\"35\" srcset=\"https:\/\/vamosdevaca.com\/23\/wp-content\/uploads\/2023\/01\/Imagen-300x300.png 300w, https:\/\/vamosdevaca.com\/23\/wp-content\/uploads\/2023\/01\/Imagen-150x150.png 150w, https:\/\/vamosdevaca.com\/23\/wp-content\/uploads\/2023\/01\/Imagen-100x100.png 100w, https:\/\/vamosdevaca.com\/23\/wp-content\/uploads\/2023\/01\/Imagen.png 512w\" sizes=\"auto, (max-width: 35px) 100vw, 35px\" \/><\/p>\n<p><a href=\"https:\/\/wa.me\/51987540596\" target=\"_blank\" rel=\"noopener\"><img loading=\"lazy\" decoding=\"async\" class=\"alignleft wp-image-1681\" src=\"https:\/\/dikatravelperu.travel\/wp-content\/uploads\/2023\/01\/Whats-App-Logo-293x300.png\" alt=\"Whats App Logo\" width=\"36\" height=\"37\" srcset=\"https:\/\/vamosdevaca.com\/23\/wp-content\/uploads\/2023\/01\/Whats-App-Logo-293x300.png 293w, https:\/\/vamosdevaca.com\/23\/wp-content\/uploads\/2023\/01\/Whats-App-Logo-150x150.png 150w, https:\/\/vamosdevaca.com\/23\/wp-content\/uploads\/2023\/01\/Whats-App-Logo-768x786.png 768w, https:\/\/vamosdevaca.com\/23\/wp-content\/uploads\/2023\/01\/Whats-App-Logo-600x614.png 600w, https:\/\/vamosdevaca.com\/23\/wp-content\/uploads\/2023\/01\/Whats-App-Logo-300x300.png 300w, https:\/\/vamosdevaca.com\/23\/wp-content\/uploads\/2023\/01\/Whats-App-Logo-100x100.png 100w, https:\/\/vamosdevaca.com\/23\/wp-content\/uploads\/2023\/01\/Whats-App-Logo.png 1000w\" sizes=\"auto, (max-width: 36px) 100vw, 36px\" \/><\/a><\/p>\n<p>&nbsp;<\/p>\n<ul>\n<li>Precio por habitaci\u00f3n, expresado en d\u00f3lares americanos.<br \/>\nConfirmaci\u00f3n sujeta a disponibilidad hotelera.<\/li>\n<\/ul>\n","protected":false},"featured_media":5888,"template":"","meta":{"_joinchat":[]},"product_cat":[227,245,223],"product_tag":[],"class_list":{"0":"post-6380","1":"product","2":"type-product","3":"status-publish","4":"has-post-thumbnail","5":"hentry","6":"product_cat-ano-nuevo-salidas-confirmadas","7":"product_cat-con-aereos-fp","8":"product_cat-salidas-confirmadas","10":"entry","11":"has-media","12":"owp-thumbs-layout-horizontal","13":"owp-btn-very-big","14":"owp-tabs-layout-horizontal","15":"has-no-thumbnails"},"yoast_head":"<!-- This site is optimized with the Yoast SEO plugin v21.5 - https:\/\/yoast.com\/wordpress\/plugins\/seo\/ -->\n<title>Cumaceba Lodge 04 D\u00edas \u2013 03 Noches V\u00eda Sky ( Ciudad- Selva) - Dika Travel Per\u00fa Dika Travel Per\u00fa %<\/title>\n<meta name=\"description\" content=\"CUMACEBA una experiencia \u00fanica en medio de la selva tropical. Estos alojamientos se ubican en \u00e1reas remotas y proporcionan a los visitantes\" \/>\n<meta name=\"robots\" content=\"index, follow, max-snippet:-1, max-image-preview:large, max-video-preview:-1\" \/>\n<link rel=\"canonical\" href=\"https:\/\/vamosdevaca.com\/23\/producto\/cumaceba-lodge-04-dias-03-noches-via-sky-ciudad-selva\/\" \/>\n<meta property=\"og:locale\" content=\"es_ES\" \/>\n<meta property=\"og:type\" content=\"article\" \/>\n<meta property=\"og:title\" content=\"Cumaceba Lodge 04 D\u00edas \u2013 03 Noches V\u00eda Sky ( Ciudad- Selva) - Dika Travel Per\u00fa Dika Travel Per\u00fa %\" \/>\n<meta property=\"og:description\" content=\"CUMACEBA una experiencia \u00fanica en medio de la selva tropical. Estos alojamientos se ubican en \u00e1reas remotas y proporcionan a los visitantes\" \/>\n<meta property=\"og:url\" content=\"https:\/\/vamosdevaca.com\/23\/producto\/cumaceba-lodge-04-dias-03-noches-via-sky-ciudad-selva\/\" \/>\n<meta property=\"og:site_name\" content=\"Dika Travel Per\u00fa\" \/>\n<meta property=\"article:modified_time\" content=\"2023-09-01T20:51:16+00:00\" \/>\n<meta property=\"og:image\" content=\"https:\/\/vamosdevaca.com\/23\/wp-content\/uploads\/2023\/02\/cumaceba-22.jpg\" \/>\n\t<meta property=\"og:image:width\" content=\"679\" \/>\n\t<meta property=\"og:image:height\" content=\"480\" \/>\n\t<meta property=\"og:image:type\" content=\"image\/jpeg\" \/>\n<meta name=\"twitter:card\" content=\"summary_large_image\" \/>\n<meta name=\"twitter:label1\" content=\"Tiempo de lectura\" \/>\n\t<meta name=\"twitter:data1\" content=\"1 minuto\" \/>\n<script type=\"application\/ld+json\" class=\"yoast-schema-graph\">{\"@context\":\"https:\/\/schema.org\",\"@graph\":[{\"@type\":\"WebPage\",\"@id\":\"https:\/\/vamosdevaca.com\/23\/producto\/cumaceba-lodge-04-dias-03-noches-via-sky-ciudad-selva\/\",\"url\":\"https:\/\/vamosdevaca.com\/23\/producto\/cumaceba-lodge-04-dias-03-noches-via-sky-ciudad-selva\/\",\"name\":\"Cumaceba Lodge 04 D\u00edas \u2013 03 Noches V\u00eda Sky ( Ciudad- Selva) - Dika Travel Per\u00fa Dika Travel Per\u00fa %\",\"isPartOf\":{\"@id\":\"https:\/\/vamosdevaca.com\/23\/#website\"},\"datePublished\":\"2023-09-01T20:46:11+00:00\",\"dateModified\":\"2023-09-01T20:51:16+00:00\",\"description\":\"CUMACEBA una experiencia \u00fanica en medio de la selva tropical. Estos alojamientos se ubican en \u00e1reas remotas y proporcionan a los visitantes\",\"breadcrumb\":{\"@id\":\"https:\/\/vamosdevaca.com\/23\/producto\/cumaceba-lodge-04-dias-03-noches-via-sky-ciudad-selva\/#breadcrumb\"},\"inLanguage\":\"es\",\"potentialAction\":[{\"@type\":\"ReadAction\",\"target\":[\"https:\/\/vamosdevaca.com\/23\/producto\/cumaceba-lodge-04-dias-03-noches-via-sky-ciudad-selva\/\"]}]},{\"@type\":\"BreadcrumbList\",\"@id\":\"https:\/\/vamosdevaca.com\/23\/producto\/cumaceba-lodge-04-dias-03-noches-via-sky-ciudad-selva\/#breadcrumb\",\"itemListElement\":[{\"@type\":\"ListItem\",\"position\":1,\"name\":\"Portada\",\"item\":\"https:\/\/vamosdevaca.com\/23\/\"},{\"@type\":\"ListItem\",\"position\":2,\"name\":\"Tienda\",\"item\":\"https:\/\/vamosdevaca.com\/23\/tienda\/\"},{\"@type\":\"ListItem\",\"position\":3,\"name\":\"Cumaceba Lodge 04 D\u00edas \u2013 03 Noches V\u00eda Sky ( Ciudad- Selva)\"}]},{\"@type\":\"WebSite\",\"@id\":\"https:\/\/vamosdevaca.com\/23\/#website\",\"url\":\"https:\/\/vamosdevaca.com\/23\/\",\"name\":\"Dika Travel Per\u00fa\",\"description\":\"Agencia Mayorista de Turismo Receptivo\",\"publisher\":{\"@id\":\"https:\/\/vamosdevaca.com\/23\/#organization\"},\"potentialAction\":[{\"@type\":\"SearchAction\",\"target\":{\"@type\":\"EntryPoint\",\"urlTemplate\":\"https:\/\/vamosdevaca.com\/23\/?s={search_term_string}\"},\"query-input\":\"required name=search_term_string\"}],\"inLanguage\":\"es\"},{\"@type\":\"Organization\",\"@id\":\"https:\/\/vamosdevaca.com\/23\/#organization\",\"name\":\"Dika Travel Per\u00fa\",\"url\":\"https:\/\/vamosdevaca.com\/23\/\",\"logo\":{\"@type\":\"ImageObject\",\"inLanguage\":\"es\",\"@id\":\"https:\/\/vamosdevaca.com\/23\/#\/schema\/logo\/image\/\",\"url\":\"https:\/\/dikatravelperu.travel\/wp-content\/uploads\/2023\/01\/cropped-Dika-Travel-peru-1.jpg\",\"contentUrl\":\"https:\/\/dikatravelperu.travel\/wp-content\/uploads\/2023\/01\/cropped-Dika-Travel-peru-1.jpg\",\"width\":512,\"height\":512,\"caption\":\"Dika Travel Per\u00fa\"},\"image\":{\"@id\":\"https:\/\/vamosdevaca.com\/23\/#\/schema\/logo\/image\/\"}}]}<\/script>\n<!-- \/ Yoast SEO plugin. -->","yoast_head_json":{"title":"Cumaceba Lodge 04 D\u00edas \u2013 03 Noches V\u00eda Sky ( Ciudad- Selva) - Dika Travel Per\u00fa Dika Travel Per\u00fa %","description":"CUMACEBA una experiencia \u00fanica en medio de la selva tropical. Estos alojamientos se ubican en \u00e1reas remotas y proporcionan a los visitantes","robots":{"index":"index","follow":"follow","max-snippet":"max-snippet:-1","max-image-preview":"max-image-preview:large","max-video-preview":"max-video-preview:-1"},"canonical":"https:\/\/vamosdevaca.com\/23\/producto\/cumaceba-lodge-04-dias-03-noches-via-sky-ciudad-selva\/","og_locale":"es_ES","og_type":"article","og_title":"Cumaceba Lodge 04 D\u00edas \u2013 03 Noches V\u00eda Sky ( Ciudad- Selva) - Dika Travel Per\u00fa Dika Travel Per\u00fa %","og_description":"CUMACEBA una experiencia \u00fanica en medio de la selva tropical. Estos alojamientos se ubican en \u00e1reas remotas y proporcionan a los visitantes","og_url":"https:\/\/vamosdevaca.com\/23\/producto\/cumaceba-lodge-04-dias-03-noches-via-sky-ciudad-selva\/","og_site_name":"Dika Travel Per\u00fa","article_modified_time":"2023-09-01T20:51:16+00:00","og_image":[{"width":679,"height":480,"url":"https:\/\/vamosdevaca.com\/23\/wp-content\/uploads\/2023\/02\/cumaceba-22.jpg","type":"image\/jpeg"}],"twitter_card":"summary_large_image","twitter_misc":{"Tiempo de lectura":"1 minuto"},"schema":{"@context":"https:\/\/schema.org","@graph":[{"@type":"WebPage","@id":"https:\/\/vamosdevaca.com\/23\/producto\/cumaceba-lodge-04-dias-03-noches-via-sky-ciudad-selva\/","url":"https:\/\/vamosdevaca.com\/23\/producto\/cumaceba-lodge-04-dias-03-noches-via-sky-ciudad-selva\/","name":"Cumaceba Lodge 04 D\u00edas \u2013 03 Noches V\u00eda Sky ( Ciudad- Selva) - Dika Travel Per\u00fa Dika Travel Per\u00fa %","isPartOf":{"@id":"https:\/\/vamosdevaca.com\/23\/#website"},"datePublished":"2023-09-01T20:46:11+00:00","dateModified":"2023-09-01T20:51:16+00:00","description":"CUMACEBA una experiencia \u00fanica en medio de la selva tropical. Estos alojamientos se ubican en \u00e1reas remotas y proporcionan a los visitantes","breadcrumb":{"@id":"https:\/\/vamosdevaca.com\/23\/producto\/cumaceba-lodge-04-dias-03-noches-via-sky-ciudad-selva\/#breadcrumb"},"inLanguage":"es","potentialAction":[{"@type":"ReadAction","target":["https:\/\/vamosdevaca.com\/23\/producto\/cumaceba-lodge-04-dias-03-noches-via-sky-ciudad-selva\/"]}]},{"@type":"BreadcrumbList","@id":"https:\/\/vamosdevaca.com\/23\/producto\/cumaceba-lodge-04-dias-03-noches-via-sky-ciudad-selva\/#breadcrumb","itemListElement":[{"@type":"ListItem","position":1,"name":"Portada","item":"https:\/\/vamosdevaca.com\/23\/"},{"@type":"ListItem","position":2,"name":"Tienda","item":"https:\/\/vamosdevaca.com\/23\/tienda\/"},{"@type":"ListItem","position":3,"name":"Cumaceba Lodge 04 D\u00edas \u2013 03 Noches V\u00eda Sky ( Ciudad- Selva)"}]},{"@type":"WebSite","@id":"https:\/\/vamosdevaca.com\/23\/#website","url":"https:\/\/vamosdevaca.com\/23\/","name":"Dika Travel Per\u00fa","description":"Agencia Mayorista de Turismo Receptivo","publisher":{"@id":"https:\/\/vamosdevaca.com\/23\/#organization"},"potentialAction":[{"@type":"SearchAction","target":{"@type":"EntryPoint","urlTemplate":"https:\/\/vamosdevaca.com\/23\/?s={search_term_string}"},"query-input":"required name=search_term_string"}],"inLanguage":"es"},{"@type":"Organization","@id":"https:\/\/vamosdevaca.com\/23\/#organization","name":"Dika Travel Per\u00fa","url":"https:\/\/vamosdevaca.com\/23\/","logo":{"@type":"ImageObject","inLanguage":"es","@id":"https:\/\/vamosdevaca.com\/23\/#\/schema\/logo\/image\/","url":"https:\/\/dikatravelperu.travel\/wp-content\/uploads\/2023\/01\/cropped-Dika-Travel-peru-1.jpg","contentUrl":"https:\/\/dikatravelperu.travel\/wp-content\/uploads\/2023\/01\/cropped-Dika-Travel-peru-1.jpg","width":512,"height":512,"caption":"Dika Travel Per\u00fa"},"image":{"@id":"https:\/\/vamosdevaca.com\/23\/#\/schema\/logo\/image\/"}}]}},"_links":{"self":[{"href":"https:\/\/vamosdevaca.com\/23\/wp-json\/wp\/v2\/product\/6380","targetHints":{"allow":["GET"]}}],"collection":[{"href":"https:\/\/vamosdevaca.com\/23\/wp-json\/wp\/v2\/product"}],"about":[{"href":"https:\/\/vamosdevaca.com\/23\/wp-json\/wp\/v2\/types\/product"}],"wp:featuredmedia":[{"embeddable":true,"href":"https:\/\/vamosdevaca.com\/23\/wp-json\/wp\/v2\/media\/5888"}],"wp:attachment":[{"href":"https:\/\/vamosdevaca.com\/23\/wp-json\/wp\/v2\/media?parent=6380"}],"wp:term":[{"taxonomy":"product_cat","embeddable":true,"href":"https:\/\/vamosdevaca.com\/23\/wp-json\/wp\/v2\/product_cat?post=6380"},{"taxonomy":"product_tag","embeddable":true,"href":"https:\/\/vamosdevaca.com\/23\/wp-json\/wp\/v2\/product_tag?post=6380"}],"curies":[{"name":"wp","href":"https:\/\/api.w.org\/{rel}","templated":true}]}}