{"id":6393,"date":"2023-09-01T17:13:35","date_gmt":"2023-09-01T22:13:35","guid":{"rendered":"https:\/\/dikatravelperu.travel\/?post_type=product&#038;p=6393"},"modified":"2023-09-01T18:13:20","modified_gmt":"2023-09-01T23:13:20","slug":"cajamarca-milenaria-04-dias-03-noches-via-sky","status":"publish","type":"product","link":"https:\/\/vamosdevaca.com\/23\/producto\/cajamarca-milenaria-04-dias-03-noches-via-sky\/","title":{"rendered":"Cajamarca Milenaria 04 D\u00edas \u2013 03 Noches Via Sky"},"content":{"rendered":"<p style=\"text-align: center\"><strong>A\u00d1O NUEVO 2024<\/strong><br \/>\n<strong>IN: 29 DICIEMBRE \/ OUT: 02 ENERO<\/strong><br \/>\n<strong>CAJAMARCA MILENARIA<\/strong><br \/>\n<strong>04 D\u00cdAS \/ 03 NOCHES<\/strong><\/p>\n<blockquote><p><strong>D\u00cdA 1<\/strong><br \/>\nAm. Llegada a la ciudad de Cajamarca y traslado al hotel elegido.<br \/>\n<strong>CITY TOUR (PEATONAL) (<\/strong>02 Turnos: 10:00 Hrs. y 16:00 Hrs.) \u2013 Duraci\u00f3n: 3 horas aprox. excepto los d\u00edas lunes.<br \/>\nInicio del City Tour: Plaza de Armas, Iglesia San Francisco y la Catedral, que se caracteriza por su impresionante fachada tallada en roca volc\u00e1nica, Bel\u00e9n, antiguo hospital de la \u00e9poca colonial, el museo arqueol\u00f3gico, etnogr\u00e1fico y religioso. Visitaremos el cuarto del rescate del Inca Atahualpa, colina Santa Apolonia, esplendido mirador natural de donde se domina la ciudad y el valle, La Silla del Inca (recorrido peatonal). <strong>Traslado al hotel elegido.<\/strong><br \/>\n<strong>Noche de alojamiento.<\/strong><\/p>\n<p><strong>D\u00cdA 2<\/strong><br \/>\nDesayuno.<br \/>\n<strong>GRANJA PORC\u00d3N<\/strong> (01 Turno: 09:30 Hrs.) \u2013 Duraci\u00f3n: 3 \u00bd horas aprox.<br \/>\nVisita al centro artesanal de Huambocancha, donde realizan tallado en piedra de granito y marmolina. Luego visitaremos el parque forestal m\u00e1s grande del Per\u00fa, visita a la \u00abCooperativa Atahualpa Jerusal\u00e9n\u00bb, ubicado en medio de un hermoso bosque de pinos. Visita al zool\u00f3gico observando vicu\u00f1as, venados, osos, leones, otorongos, pumas, etc. Mini central hidroel\u00e9ctrica, mirador de las vicu\u00f1as, talleres de tejidos y te\u00f1idos, establos y ganader\u00eda.<br \/>\nTraslado al hotel o punto c\u00e9ntrico de la ciudad.<br \/>\n<strong>COLLPA + BA\u00d1OS DEL INCA (01 Turno: 15:30 Hrs.) \u2013 Duraci\u00f3n: 3 horas aprox.<\/strong><br \/>\nVisita a la ex Hacienda Collpa para observar el llamado y orde\u00f1o de las vacas, y degustar productos l\u00e1cteos. La siguiente parada es Llacanora, un peque\u00f1o pueblito desde donde se llega caminando hasta una encantadora cascada del mismo nombre. El recorrido finaliza con la visita a las instalaciones del Complejo Ba\u00f1os del Inca con sus pozas y perolitos, cuyas aguas que emergen a 75\u00b0 C., tienen propiedades terap\u00e9uticas y medicinales. Traslado al hotel elegido.<br \/>\n<strong><em>Noche de alojamiento.<\/em><\/strong><\/p>\n<p><strong>D\u00cdA 3<\/strong><br \/>\nDesayuno.<br \/>\nMa\u00f1ana libre para actividades personales.<br \/>\n<strong>VENTANILLAS DE OTUZCO (01 Turno: 15:30 Hrs.) \u2013 Duraci\u00f3n: 3 horas aprox.<\/strong><br \/>\nSe visitar\u00e1 hermosos paisajes de la campi\u00f1a cajamarquina. Las ventanillas o necr\u00f3polis de Otuzco (edificaciones funerarias que por su forma parecen ser ventanas), fundo los Alpes donde podremos apreciar la elaboraci\u00f3n y venta de productos l\u00e1cteos t\u00edpicos de Cajamarca, visita al mirador la de la campi\u00f1a; ex hacienda Tres Molinos, Jard\u00edn Bot\u00e1nico de las Hortensias.<br \/>\nTraslado al hotel elegido.<br \/>\n<strong>Noche de alojamiento.<\/strong><\/p>\n<p><strong>D\u00cdA 4<\/strong><br \/>\nDesayuno.<br \/>\nHora oportuna traslado de salida.<\/p>\n<p><strong>FIN DE LOS SERVICIOS<\/strong><\/p><\/blockquote>\n\n    <div class=\"xs_social_share_widget xs_share_url after_content \t\tmain_content  wslu-style-2 wslu-share-box-shaped wslu-fill-colored wslu-share-m-5 wslu-none wslu-share-horizontal wslu-theme-font-no wslu-main_content\">\n\n\t\t\n        <ul>\n\t\t\t                    <li class=\"xs-share-li facebook                        wslu-no-extra-data\">\n                        <a href=\"javascript:void();\"\n                           id=\"xs_feed_facebook\"\n                           onclick=\"xs_social_sharer(this);\"\n                           data-pid=\"6393\"\n                           data-uri_hash=\"ab2bbd6a44c471103e59153f1f6f23ff\"\n                           data-key=\"facebook\"\n                           data-xs-href=\"http:\/\/www.facebook.com\/sharer.php?u=https%3A%2F%2Fvamosdevaca.com%2F23%2Fwp-json%2Fwp%2Fv2%2Fproduct%2F6393&amp;t=Cajamarca+Milenaria+04+D%C3%ADas+%E2%80%93+03+Noches+Via+Sky&amp;v=3\">\n\n                            <div class=\"xs-social-icon\">\n                                <span class=\"met-social met-social-facebook\"><\/span>\n                            <\/div>\n\n\t\t\t\t\t\t\t\n                            <div class=\"wslu-hover-content\">\n                                <div class=\"xs-social-followers\">\n\t\t\t\t\t\t\t\t\t0                                <\/div>\n                                <div class=\"xs-social-follower-text\">\n\t\t\t\t\t\t\t\t\t                                <\/div>\n                                <div class=\"xs-social-follower-label\">\n\t\t\t\t\t\t\t\t\tFacebook                                <\/div>\n                            <\/div>\n                        <\/a>\n                    <\/li>\n\t\t\t\t\t                    <li class=\"xs-share-li twitter                        wslu-no-extra-data\">\n                        <a href=\"javascript:void();\"\n                           id=\"xs_feed_twitter\"\n                           onclick=\"xs_social_sharer(this);\"\n                           data-pid=\"6393\"\n                           data-uri_hash=\"ab2bbd6a44c471103e59153f1f6f23ff\"\n                           data-key=\"twitter\"\n                           data-xs-href=\"https:\/\/twitter.com\/intent\/tweet?text=Cajamarca+Milenaria+04+D%C3%ADas+%E2%80%93+03+Noches+Via+Sky+https%3A%2F%2Fvamosdevaca.com%2F23%2Fwp-json%2Fwp%2Fv2%2Fproduct%2F6393&amp;original_referer=https%3A%2F%2Fvamosdevaca.com%2F23%2Fwp-json%2Fwp%2Fv2%2Fproduct%2F6393&amp;related=xpeedstudio\">\n\n                            <div class=\"xs-social-icon\">\n                                <span class=\"met-social met-social-twitter\"><\/span>\n                            <\/div>\n\n\t\t\t\t\t\t\t\n                            <div class=\"wslu-hover-content\">\n                                <div class=\"xs-social-followers\">\n\t\t\t\t\t\t\t\t\t0                                <\/div>\n                                <div class=\"xs-social-follower-text\">\n\t\t\t\t\t\t\t\t\t                                <\/div>\n                                <div class=\"xs-social-follower-label\">\n\t\t\t\t\t\t\t\t\tTwitter                                <\/div>\n                            <\/div>\n                        <\/a>\n                    <\/li>\n\t\t\t\t\t                    <li class=\"xs-share-li facebook-messenger                        wslu-no-extra-data\">\n                        <a href=\"javascript:void();\"\n                           id=\"xs_feed_facebook-messenger\"\n                           onclick=\"xs_social_sharer(this);\"\n                           data-pid=\"6393\"\n                           data-uri_hash=\"ab2bbd6a44c471103e59153f1f6f23ff\"\n                           data-key=\"facebook-messenger\"\n                           data-xs-href=\"https:\/\/www.facebook.com\/dialog\/send?link=https%3A%2F%2Fvamosdevaca.com%2F23%2Fwp-json%2Fwp%2Fv2%2Fproduct%2F6393&amp;redirect_uri=https%3A%2F%2Fvamosdevaca.com%2F23%2Fwp-json%2Fwp%2Fv2%2Fproduct%2F6393&amp;display=popup&amp;app_id=2577123062406162\">\n\n                            <div class=\"xs-social-icon\">\n                                <span class=\"met-social met-social-facebook-messenger\"><\/span>\n                            <\/div>\n\n\t\t\t\t\t\t\t\n                            <div class=\"wslu-hover-content\">\n                                <div class=\"xs-social-followers\">\n\t\t\t\t\t\t\t\t\t0                                <\/div>\n                                <div class=\"xs-social-follower-text\">\n\t\t\t\t\t\t\t\t\t                                <\/div>\n                                <div class=\"xs-social-follower-label\">\n\t\t\t\t\t\t\t\t\tFacebook-messenger                                <\/div>\n                            <\/div>\n                        <\/a>\n                    <\/li>\n\t\t\t\t\t                    <li class=\"xs-share-li whatsapp                        wslu-no-extra-data\">\n                        <a href=\"javascript:void();\"\n                           id=\"xs_feed_whatsapp\"\n                           onclick=\"xs_social_sharer(this);\"\n                           data-pid=\"6393\"\n                           data-uri_hash=\"ab2bbd6a44c471103e59153f1f6f23ff\"\n                           data-key=\"whatsapp\"\n                           data-xs-href=\"whatsapp:\/\/send?text=Cajamarca+Milenaria+04+D%C3%ADas+%E2%80%93+03+Noches+Via+Sky+https%3A%2F%2Fvamosdevaca.com%2F23%2Fwp-json%2Fwp%2Fv2%2Fproduct%2F6393\">\n\n                            <div class=\"xs-social-icon\">\n                                <span class=\"met-social met-social-whatsapp\"><\/span>\n                            <\/div>\n\n\t\t\t\t\t\t\t\n                            <div class=\"wslu-hover-content\">\n                                <div class=\"xs-social-followers\">\n\t\t\t\t\t\t\t\t\t0                                <\/div>\n                                <div class=\"xs-social-follower-text\">\n\t\t\t\t\t\t\t\t\t                                <\/div>\n                                <div class=\"xs-social-follower-label\">\n\t\t\t\t\t\t\t\t\tWhatsapp                                <\/div>\n                            <\/div>\n                        <\/a>\n                    <\/li>\n\t\t\t\t\t                    <li class=\"xs-share-li telegram                        wslu-no-extra-data\">\n                        <a href=\"javascript:void();\"\n                           id=\"xs_feed_telegram\"\n                           onclick=\"xs_social_sharer(this);\"\n                           data-pid=\"6393\"\n                           data-uri_hash=\"ab2bbd6a44c471103e59153f1f6f23ff\"\n                           data-key=\"telegram\"\n                           data-xs-href=\"https:\/\/telegram.me\/share\/url?url=https%3A%2F%2Fvamosdevaca.com%2F23%2Fwp-json%2Fwp%2Fv2%2Fproduct%2F6393&amp;text=Cajamarca+Milenaria+04+D%C3%ADas+%E2%80%93+03+Noches+Via+Sky\">\n\n                            <div class=\"xs-social-icon\">\n                                <span class=\"met-social met-social-telegram\"><\/span>\n                            <\/div>\n\n\t\t\t\t\t\t\t\n                            <div class=\"wslu-hover-content\">\n                                <div class=\"xs-social-followers\">\n\t\t\t\t\t\t\t\t\t0                                <\/div>\n                                <div class=\"xs-social-follower-text\">\n\t\t\t\t\t\t\t\t\t                                <\/div>\n                                <div class=\"xs-social-follower-label\">\n\t\t\t\t\t\t\t\t\tTelegram                                <\/div>\n                            <\/div>\n                        <\/a>\n                    <\/li>\n\t\t\t\t\t                    <li class=\"xs-share-li email                        wslu-no-extra-data\">\n                        <a href=\"javascript:void();\"\n                           id=\"xs_feed_email\"\n                           onclick=\"xs_social_sharer(this);\"\n                           data-pid=\"6393\"\n                           data-uri_hash=\"ab2bbd6a44c471103e59153f1f6f23ff\"\n                           data-key=\"email\"\n                           data-xs-href=\"mailto:?body=Title%3A+Cajamarca+Milenaria+04+D%C3%ADas+%E2%80%93+03+Noches+Via+Sky+%5Cn%5Cn+URL%3A+https%3A%2F%2Fvamosdevaca.com%2F23%2Fwp-json%2Fwp%2Fv2%2Fproduct%2F6393&amp;subject=Cajamarca+Milenaria+04+D%C3%ADas+%E2%80%93+03+Noches+Via+Sky\">\n\n                            <div class=\"xs-social-icon\">\n                                <span class=\"met-social met-social-email\"><\/span>\n                            <\/div>\n\n\t\t\t\t\t\t\t\n                            <div class=\"wslu-hover-content\">\n                                <div class=\"xs-social-followers\">\n\t\t\t\t\t\t\t\t\t0                                <\/div>\n                                <div class=\"xs-social-follower-text\">\n\t\t\t\t\t\t\t\t\t                                <\/div>\n                                <div class=\"xs-social-follower-label\">\n\t\t\t\t\t\t\t\t\tEmail                                <\/div>\n                            <\/div>\n                        <\/a>\n                    <\/li>\n\t\t\t\t\t        <\/ul>\n    <\/div> \n","protected":false},"excerpt":{"rendered":"<p>Descarga el Itinerario Completo:<\/p>\n<p><a href=\"https:\/\/dikatravelperu.travel\/wp-content\/uploads\/2023\/09\/ANO-NUEVO-CAJAMARCA-MILENARIO-04-DIAS-03-NOCHES-CON-VIA-SKY.docx\" target=\"_blank\" rel=\"noopener\"><img loading=\"lazy\" decoding=\"async\" class=\"alignleft wp-image-1504\" src=\"https:\/\/dikatravelperu.travel\/wp-content\/uploads\/2023\/01\/Word-300x225.png\" alt=\"\" width=\"42\" height=\"32\" srcset=\"https:\/\/vamosdevaca.com\/23\/wp-content\/uploads\/2023\/01\/Word-300x225.png 300w, https:\/\/vamosdevaca.com\/23\/wp-content\/uploads\/2023\/01\/Word-768x576.png 768w, https:\/\/vamosdevaca.com\/23\/wp-content\/uploads\/2023\/01\/Word-600x450.png 600w, https:\/\/vamosdevaca.com\/23\/wp-content\/uploads\/2023\/01\/Word.png 1000w\" sizes=\"auto, (max-width: 42px) 100vw, 42px\" \/><\/a><a href=\"https:\/\/dikatravelperu.travel\/wp-content\/uploads\/2023\/09\/ANO-NUEVO-CAJAMARCA-MILENARIO-04-DIAS-03-NOCHES-CON-VIA-SKY.pdf\" target=\"_blank\" rel=\"noopener\"><img loading=\"lazy\" decoding=\"async\" class=\"alignleft wp-image-1505\" src=\"https:\/\/dikatravelperu.travel\/wp-content\/uploads\/2023\/01\/3997635-300x300.png\" alt=\"\" width=\"32\" height=\"32\" srcset=\"https:\/\/vamosdevaca.com\/23\/wp-content\/uploads\/2023\/01\/3997635-300x300.png 300w, https:\/\/vamosdevaca.com\/23\/wp-content\/uploads\/2023\/01\/3997635-150x150.png 150w, https:\/\/vamosdevaca.com\/23\/wp-content\/uploads\/2023\/01\/3997635-100x100.png 100w, https:\/\/vamosdevaca.com\/23\/wp-content\/uploads\/2023\/01\/3997635.png 512w\" sizes=\"auto, (max-width: 32px) 100vw, 32px\" \/><\/a> <img loading=\"lazy\" decoding=\"async\" class=\" wp-image-1647 alignleft\" src=\"https:\/\/dikatravelperu.travel\/wp-content\/uploads\/2023\/01\/Imagen-300x300.png\" alt=\"\" width=\"35\" height=\"35\" srcset=\"https:\/\/vamosdevaca.com\/23\/wp-content\/uploads\/2023\/01\/Imagen-300x300.png 300w, https:\/\/vamosdevaca.com\/23\/wp-content\/uploads\/2023\/01\/Imagen-150x150.png 150w, https:\/\/vamosdevaca.com\/23\/wp-content\/uploads\/2023\/01\/Imagen-100x100.png 100w, https:\/\/vamosdevaca.com\/23\/wp-content\/uploads\/2023\/01\/Imagen.png 512w\" sizes=\"auto, (max-width: 35px) 100vw, 35px\" \/><\/p>\n<p><a href=\"https:\/\/wa.me\/51987540596\" target=\"_blank\" rel=\"noopener\"><img loading=\"lazy\" decoding=\"async\" class=\"alignleft wp-image-1681\" src=\"https:\/\/dikatravelperu.travel\/wp-content\/uploads\/2023\/01\/Whats-App-Logo-293x300.png\" alt=\"Whats App Logo\" width=\"36\" height=\"37\" srcset=\"https:\/\/vamosdevaca.com\/23\/wp-content\/uploads\/2023\/01\/Whats-App-Logo-293x300.png 293w, https:\/\/vamosdevaca.com\/23\/wp-content\/uploads\/2023\/01\/Whats-App-Logo-150x150.png 150w, https:\/\/vamosdevaca.com\/23\/wp-content\/uploads\/2023\/01\/Whats-App-Logo-768x786.png 768w, https:\/\/vamosdevaca.com\/23\/wp-content\/uploads\/2023\/01\/Whats-App-Logo-600x614.png 600w, https:\/\/vamosdevaca.com\/23\/wp-content\/uploads\/2023\/01\/Whats-App-Logo-300x300.png 300w, https:\/\/vamosdevaca.com\/23\/wp-content\/uploads\/2023\/01\/Whats-App-Logo-100x100.png 100w, https:\/\/vamosdevaca.com\/23\/wp-content\/uploads\/2023\/01\/Whats-App-Logo.png 1000w\" sizes=\"auto, (max-width: 36px) 100vw, 36px\" \/><\/a><\/p>\n<p>&nbsp;<\/p>\n<ul>\n<li>Precio por habitaci\u00f3n, expresado en d\u00f3lares americanos.<br \/>\nConfirmaci\u00f3n sujeta a disponibilidad hotelera.<\/li>\n<\/ul>\n","protected":false},"featured_media":6395,"template":"","meta":{"_joinchat":[]},"product_cat":[227,245,223],"product_tag":[],"class_list":{"0":"post-6393","1":"product","2":"type-product","3":"status-publish","4":"has-post-thumbnail","5":"hentry","6":"product_cat-ano-nuevo-salidas-confirmadas","7":"product_cat-con-aereos-fp","8":"product_cat-salidas-confirmadas","10":"entry","11":"has-media","12":"owp-thumbs-layout-horizontal","13":"owp-btn-very-big","14":"owp-tabs-layout-horizontal","15":"has-no-thumbnails"},"yoast_head":"<!-- This site is optimized with the Yoast SEO plugin v21.5 - https:\/\/yoast.com\/wordpress\/plugins\/seo\/ -->\n<title>Cajamarca Milenaria 04 D\u00edas \u2013 03 Noches Via Sky - Dika Travel Per\u00fa Dika Travel Per\u00fa %<\/title>\n<meta name=\"description\" content=\"Cajamarca te ofrece una experiencia que abraza tu esp\u00edritu aventurero y curioso. Ya sea explorando tesoros arqueol\u00f3gicos en a\u00f1o nuevo 04 D\u00cdAS \/ 03 NOCHES..\" \/>\n<meta name=\"robots\" content=\"index, follow, max-snippet:-1, max-image-preview:large, max-video-preview:-1\" \/>\n<link rel=\"canonical\" href=\"https:\/\/vamosdevaca.com\/23\/producto\/cajamarca-milenaria-04-dias-03-noches-via-sky\/\" \/>\n<meta property=\"og:locale\" content=\"es_ES\" \/>\n<meta property=\"og:type\" content=\"article\" \/>\n<meta property=\"og:title\" content=\"Cajamarca Milenaria 04 D\u00edas \u2013 03 Noches Via Sky - Dika Travel Per\u00fa Dika Travel Per\u00fa %\" \/>\n<meta property=\"og:description\" content=\"Cajamarca te ofrece una experiencia que abraza tu esp\u00edritu aventurero y curioso. Ya sea explorando tesoros arqueol\u00f3gicos en a\u00f1o nuevo 04 D\u00cdAS \/ 03 NOCHES..\" \/>\n<meta property=\"og:url\" content=\"https:\/\/vamosdevaca.com\/23\/producto\/cajamarca-milenaria-04-dias-03-noches-via-sky\/\" \/>\n<meta property=\"og:site_name\" content=\"Dika Travel Per\u00fa\" \/>\n<meta property=\"article:modified_time\" content=\"2023-09-01T23:13:20+00:00\" \/>\n<meta property=\"og:image\" content=\"https:\/\/vamosdevaca.com\/23\/wp-content\/uploads\/2023\/09\/granja-porcon-5-copia.jpg\" \/>\n\t<meta property=\"og:image:width\" content=\"1280\" \/>\n\t<meta property=\"og:image:height\" content=\"960\" \/>\n\t<meta property=\"og:image:type\" content=\"image\/jpeg\" \/>\n<meta name=\"twitter:card\" content=\"summary_large_image\" \/>\n<meta name=\"twitter:label1\" content=\"Tiempo de lectura\" \/>\n\t<meta name=\"twitter:data1\" content=\"1 minuto\" \/>\n<script type=\"application\/ld+json\" class=\"yoast-schema-graph\">{\"@context\":\"https:\/\/schema.org\",\"@graph\":[{\"@type\":\"WebPage\",\"@id\":\"https:\/\/vamosdevaca.com\/23\/producto\/cajamarca-milenaria-04-dias-03-noches-via-sky\/\",\"url\":\"https:\/\/vamosdevaca.com\/23\/producto\/cajamarca-milenaria-04-dias-03-noches-via-sky\/\",\"name\":\"Cajamarca Milenaria 04 D\u00edas \u2013 03 Noches Via Sky - Dika Travel Per\u00fa Dika Travel Per\u00fa %\",\"isPartOf\":{\"@id\":\"https:\/\/vamosdevaca.com\/23\/#website\"},\"datePublished\":\"2023-09-01T22:13:35+00:00\",\"dateModified\":\"2023-09-01T23:13:20+00:00\",\"description\":\"Cajamarca te ofrece una experiencia que abraza tu esp\u00edritu aventurero y curioso. Ya sea explorando tesoros arqueol\u00f3gicos en a\u00f1o nuevo 04 D\u00cdAS \/ 03 NOCHES..\",\"breadcrumb\":{\"@id\":\"https:\/\/vamosdevaca.com\/23\/producto\/cajamarca-milenaria-04-dias-03-noches-via-sky\/#breadcrumb\"},\"inLanguage\":\"es\",\"potentialAction\":[{\"@type\":\"ReadAction\",\"target\":[\"https:\/\/vamosdevaca.com\/23\/producto\/cajamarca-milenaria-04-dias-03-noches-via-sky\/\"]}]},{\"@type\":\"BreadcrumbList\",\"@id\":\"https:\/\/vamosdevaca.com\/23\/producto\/cajamarca-milenaria-04-dias-03-noches-via-sky\/#breadcrumb\",\"itemListElement\":[{\"@type\":\"ListItem\",\"position\":1,\"name\":\"Portada\",\"item\":\"https:\/\/vamosdevaca.com\/23\/\"},{\"@type\":\"ListItem\",\"position\":2,\"name\":\"Tienda\",\"item\":\"https:\/\/vamosdevaca.com\/23\/tienda\/\"},{\"@type\":\"ListItem\",\"position\":3,\"name\":\"Cajamarca Milenaria 04 D\u00edas \u2013 03 Noches Via Sky\"}]},{\"@type\":\"WebSite\",\"@id\":\"https:\/\/vamosdevaca.com\/23\/#website\",\"url\":\"https:\/\/vamosdevaca.com\/23\/\",\"name\":\"Dika Travel Per\u00fa\",\"description\":\"Agencia Mayorista de Turismo Receptivo\",\"publisher\":{\"@id\":\"https:\/\/vamosdevaca.com\/23\/#organization\"},\"potentialAction\":[{\"@type\":\"SearchAction\",\"target\":{\"@type\":\"EntryPoint\",\"urlTemplate\":\"https:\/\/vamosdevaca.com\/23\/?s={search_term_string}\"},\"query-input\":\"required name=search_term_string\"}],\"inLanguage\":\"es\"},{\"@type\":\"Organization\",\"@id\":\"https:\/\/vamosdevaca.com\/23\/#organization\",\"name\":\"Dika Travel Per\u00fa\",\"url\":\"https:\/\/vamosdevaca.com\/23\/\",\"logo\":{\"@type\":\"ImageObject\",\"inLanguage\":\"es\",\"@id\":\"https:\/\/vamosdevaca.com\/23\/#\/schema\/logo\/image\/\",\"url\":\"https:\/\/dikatravelperu.travel\/wp-content\/uploads\/2023\/01\/cropped-Dika-Travel-peru-1.jpg\",\"contentUrl\":\"https:\/\/dikatravelperu.travel\/wp-content\/uploads\/2023\/01\/cropped-Dika-Travel-peru-1.jpg\",\"width\":512,\"height\":512,\"caption\":\"Dika Travel Per\u00fa\"},\"image\":{\"@id\":\"https:\/\/vamosdevaca.com\/23\/#\/schema\/logo\/image\/\"}}]}<\/script>\n<!-- \/ Yoast SEO plugin. -->","yoast_head_json":{"title":"Cajamarca Milenaria 04 D\u00edas \u2013 03 Noches Via Sky - Dika Travel Per\u00fa Dika Travel Per\u00fa %","description":"Cajamarca te ofrece una experiencia que abraza tu esp\u00edritu aventurero y curioso. Ya sea explorando tesoros arqueol\u00f3gicos en a\u00f1o nuevo 04 D\u00cdAS \/ 03 NOCHES..","robots":{"index":"index","follow":"follow","max-snippet":"max-snippet:-1","max-image-preview":"max-image-preview:large","max-video-preview":"max-video-preview:-1"},"canonical":"https:\/\/vamosdevaca.com\/23\/producto\/cajamarca-milenaria-04-dias-03-noches-via-sky\/","og_locale":"es_ES","og_type":"article","og_title":"Cajamarca Milenaria 04 D\u00edas \u2013 03 Noches Via Sky - Dika Travel Per\u00fa Dika Travel Per\u00fa %","og_description":"Cajamarca te ofrece una experiencia que abraza tu esp\u00edritu aventurero y curioso. Ya sea explorando tesoros arqueol\u00f3gicos en a\u00f1o nuevo 04 D\u00cdAS \/ 03 NOCHES..","og_url":"https:\/\/vamosdevaca.com\/23\/producto\/cajamarca-milenaria-04-dias-03-noches-via-sky\/","og_site_name":"Dika Travel Per\u00fa","article_modified_time":"2023-09-01T23:13:20+00:00","og_image":[{"width":1280,"height":960,"url":"https:\/\/vamosdevaca.com\/23\/wp-content\/uploads\/2023\/09\/granja-porcon-5-copia.jpg","type":"image\/jpeg"}],"twitter_card":"summary_large_image","twitter_misc":{"Tiempo de lectura":"1 minuto"},"schema":{"@context":"https:\/\/schema.org","@graph":[{"@type":"WebPage","@id":"https:\/\/vamosdevaca.com\/23\/producto\/cajamarca-milenaria-04-dias-03-noches-via-sky\/","url":"https:\/\/vamosdevaca.com\/23\/producto\/cajamarca-milenaria-04-dias-03-noches-via-sky\/","name":"Cajamarca Milenaria 04 D\u00edas \u2013 03 Noches Via Sky - Dika Travel Per\u00fa Dika Travel Per\u00fa %","isPartOf":{"@id":"https:\/\/vamosdevaca.com\/23\/#website"},"datePublished":"2023-09-01T22:13:35+00:00","dateModified":"2023-09-01T23:13:20+00:00","description":"Cajamarca te ofrece una experiencia que abraza tu esp\u00edritu aventurero y curioso. Ya sea explorando tesoros arqueol\u00f3gicos en a\u00f1o nuevo 04 D\u00cdAS \/ 03 NOCHES..","breadcrumb":{"@id":"https:\/\/vamosdevaca.com\/23\/producto\/cajamarca-milenaria-04-dias-03-noches-via-sky\/#breadcrumb"},"inLanguage":"es","potentialAction":[{"@type":"ReadAction","target":["https:\/\/vamosdevaca.com\/23\/producto\/cajamarca-milenaria-04-dias-03-noches-via-sky\/"]}]},{"@type":"BreadcrumbList","@id":"https:\/\/vamosdevaca.com\/23\/producto\/cajamarca-milenaria-04-dias-03-noches-via-sky\/#breadcrumb","itemListElement":[{"@type":"ListItem","position":1,"name":"Portada","item":"https:\/\/vamosdevaca.com\/23\/"},{"@type":"ListItem","position":2,"name":"Tienda","item":"https:\/\/vamosdevaca.com\/23\/tienda\/"},{"@type":"ListItem","position":3,"name":"Cajamarca Milenaria 04 D\u00edas \u2013 03 Noches Via Sky"}]},{"@type":"WebSite","@id":"https:\/\/vamosdevaca.com\/23\/#website","url":"https:\/\/vamosdevaca.com\/23\/","name":"Dika Travel Per\u00fa","description":"Agencia Mayorista de Turismo Receptivo","publisher":{"@id":"https:\/\/vamosdevaca.com\/23\/#organization"},"potentialAction":[{"@type":"SearchAction","target":{"@type":"EntryPoint","urlTemplate":"https:\/\/vamosdevaca.com\/23\/?s={search_term_string}"},"query-input":"required name=search_term_string"}],"inLanguage":"es"},{"@type":"Organization","@id":"https:\/\/vamosdevaca.com\/23\/#organization","name":"Dika Travel Per\u00fa","url":"https:\/\/vamosdevaca.com\/23\/","logo":{"@type":"ImageObject","inLanguage":"es","@id":"https:\/\/vamosdevaca.com\/23\/#\/schema\/logo\/image\/","url":"https:\/\/dikatravelperu.travel\/wp-content\/uploads\/2023\/01\/cropped-Dika-Travel-peru-1.jpg","contentUrl":"https:\/\/dikatravelperu.travel\/wp-content\/uploads\/2023\/01\/cropped-Dika-Travel-peru-1.jpg","width":512,"height":512,"caption":"Dika Travel Per\u00fa"},"image":{"@id":"https:\/\/vamosdevaca.com\/23\/#\/schema\/logo\/image\/"}}]}},"_links":{"self":[{"href":"https:\/\/vamosdevaca.com\/23\/wp-json\/wp\/v2\/product\/6393","targetHints":{"allow":["GET"]}}],"collection":[{"href":"https:\/\/vamosdevaca.com\/23\/wp-json\/wp\/v2\/product"}],"about":[{"href":"https:\/\/vamosdevaca.com\/23\/wp-json\/wp\/v2\/types\/product"}],"wp:featuredmedia":[{"embeddable":true,"href":"https:\/\/vamosdevaca.com\/23\/wp-json\/wp\/v2\/media\/6395"}],"wp:attachment":[{"href":"https:\/\/vamosdevaca.com\/23\/wp-json\/wp\/v2\/media?parent=6393"}],"wp:term":[{"taxonomy":"product_cat","embeddable":true,"href":"https:\/\/vamosdevaca.com\/23\/wp-json\/wp\/v2\/product_cat?post=6393"},{"taxonomy":"product_tag","embeddable":true,"href":"https:\/\/vamosdevaca.com\/23\/wp-json\/wp\/v2\/product_tag?post=6393"}],"curies":[{"name":"wp","href":"https:\/\/api.w.org\/{rel}","templated":true}]}}